{"id":1042,"date":"2020-09-03T13:23:31","date_gmt":"2020-09-03T17:23:31","guid":{"rendered":"https:\/\/stayonyourfeet.ca\/?page_id=1042"},"modified":"2025-03-25T15:03:03","modified_gmt":"2025-03-25T19:03:03","slug":"aboutus","status":"publish","type":"page","link":"https:\/\/stayonyourfeet.ca\/fr\/for-service-providers\/aboutus\/","title":{"rendered":"\u00c0 propos"},"content":{"rendered":"<h1>About Stay on Your Feet<\/h1>\n<p>&nbsp;<\/p>\n<p class=\"x_MsoNormal\"><span class=\"x_e24kjd\">Stay on Your Feet is a regional strategy aimed at improving the quality of life for older adults across northeastern Ontario. Funded by Ontario Health North East and in partnership with the five public health units, SOYF works with a multitude of partners in five key areas:<\/span><\/p>\n<ol>\n<li class=\"x_MsoListParagraph\"><span class=\"x_e24kjd\">Renforcer l\u2019action communautaire \u2013 les personnes \u00e2g\u00e9es et les partenaires \u00e9tablissent des priorit\u00e9s et orientations.<\/span><\/li>\n<li class=\"x_MsoListParagraph\"><span class=\"x_e24kjd\">D\u00e9velopper des comp\u00e9tences personnelles - les personnes \u00e2g\u00e9es ont des options pour am\u00e9liorer leur sant\u00e9.<\/span><\/li>\n<li class=\"x_MsoListParagraph\"><span class=\"x_e24kjd\">Cr\u00e9er des environnements favorables \u2013 les communaut\u00e9s et les services renforcent les options favorables \u00e0 la sant\u00e9 pour les personnes \u00e2g\u00e9es.<\/span><\/li>\n<li class=\"x_MsoListParagraph\"><span class=\"x_e24kjd\">\u00c9laborer des politiques publiques favorables \u00e0 la sant\u00e9 \u2013 les organisations, les gouvernements locaux et provinciaux aident les personnes \u00e2g\u00e9es \u00e0 rester en bonne sant\u00e9 et autonomes gr\u00e2ce \u00e0 des politiques qui favorisent la sant\u00e9.<\/span><\/li>\n<li class=\"x_MsoListParagraph\"><span class=\"x_e24kjd\">Reorient (Health) Services\u00a0 \u2013 everyone does their part to make healthy aging possible for all<\/span><\/li>\n<\/ol>\n<p class=\"x_MsoNormal\"><em><span class=\"x_e24kjd\">\u00ab Il faut une communaut\u00e9\u2026 \u00bb \u00bb<\/span><\/em><\/p>\n<p>&nbsp;<\/p>\n<h1>REMERCIEMENTS<\/h1>\n<p>La strat\u00e9gie Avancez de pied ferme du Nord-Est de l\u2019Ontario tient \u00e0 souligner le leadership et le travail exceptionnel de nos coll\u00e8gues australiens. En particulier, les initiatives suivantes ont inspir\u00e9 notre strat\u00e9gie et ont contribu\u00e9 \u00e0 en faire ce qu\u2019elle est aujourd\u2019hui :<\/p>\n<p>&nbsp;<\/p>\n<p style=\"text-align: left;\">Fournie par Injury Matters et subventionn\u00e9e par le Western Australian Department of Health :<\/p>\n<p style=\"text-align: left;\"><a href=\"http:\/\/www.stayonyourfeet.com.au\">www.stayonyourfeet.com.au<\/a><\/p>\n<p style=\"text-align: left;\"><strong>Queensland Stay on Your Feet \u00ae<\/strong><\/p>\n<p style=\"text-align: left;\"><em>Aider les r\u00e9sidents \u00e2g\u00e9s de Queensland \u00e0 rester actifs et en sant\u00e9 et \u00e0 avancer de pied ferme :<\/em><\/p>\n<p style=\"text-align: left;\"><a href=\"https:\/\/www.health.qld.gov.au\/stayonyourfeet\">https:\/\/www.health.qld.gov.au\/stayonyourfeet<\/a><\/p>","protected":false},"excerpt":{"rendered":"<p>About Stay on Your Feet &nbsp; Stay on Your Feet is a regional strategy aimed at improving the quality of life for older adults across northeastern Ontario. Funded by Ontario Health North East and in partnership with the five public &hellip; <a class=\"kt-excerpt-readmore more-link\" href=\"https:\/\/stayonyourfeet.ca\/fr\/for-service-providers\/aboutus\/\" aria-label=\"\u00c0 propos\">Lire la suite (disponible en anglais seulement).<\/a><\/p>","protected":false},"author":4,"featured_media":0,"parent":117,"menu_order":0,"comment_status":"closed","ping_status":"closed","template":"","meta":{"kt_blocks_editor_width":"","footnotes":""},"yoast_head":"<!-- This site is optimized with the Yoast SEO plugin v20.10 - https:\/\/yoast.com\/wordpress\/plugins\/seo\/ -->\n<title>About Us - Stay on Your Feet<\/title>\n<meta name=\"robots\" content=\"index, follow, max-snippet:-1, max-image-preview:large, max-video-preview:-1\" \/>\n<link rel=\"canonical\" href=\"https:\/\/stayonyourfeet.ca\/fr\/for-service-providers\/aboutus\/\" \/>\n<meta property=\"og:locale\" content=\"fr_CA\" \/>\n<meta property=\"og:type\" content=\"article\" \/>\n<meta property=\"og:title\" content=\"About Us - Stay on Your Feet\" \/>\n<meta property=\"og:description\" content=\"About Stay on Your Feet &nbsp; Stay on Your Feet is a regional strategy aimed at improving the quality of life for older adults across northeastern Ontario. Funded by Ontario Health North East and in partnership with the five public &hellip; Read More\" \/>\n<meta property=\"og:url\" content=\"https:\/\/stayonyourfeet.ca\/fr\/for-service-providers\/aboutus\/\" \/>\n<meta property=\"og:site_name\" content=\"Stay on Your Feet\" \/>\n<meta property=\"article:modified_time\" content=\"2025-03-25T19:03:03+00:00\" \/>\n<meta name=\"twitter:card\" content=\"summary_large_image\" \/>\n<meta name=\"twitter:label1\" content=\"Estimation du temps de lecture\" \/>\n\t<meta name=\"twitter:data1\" content=\"1 minute\" \/>\n<script type=\"application\/ld+json\" class=\"yoast-schema-graph\">{\"@context\":\"https:\/\/schema.org\",\"@graph\":[{\"@type\":\"WebPage\",\"@id\":\"https:\/\/stayonyourfeet.ca\/for-service-providers\/aboutus\/\",\"url\":\"https:\/\/stayonyourfeet.ca\/for-service-providers\/aboutus\/\",\"name\":\"About Us - Stay on Your Feet\",\"isPartOf\":{\"@id\":\"https:\/\/stayonyourfeet.ca\/fr\/#website\"},\"datePublished\":\"2020-09-03T17:23:31+00:00\",\"dateModified\":\"2025-03-25T19:03:03+00:00\",\"breadcrumb\":{\"@id\":\"https:\/\/stayonyourfeet.ca\/for-service-providers\/aboutus\/#breadcrumb\"},\"inLanguage\":\"fr-CA\",\"potentialAction\":[{\"@type\":\"ReadAction\",\"target\":[\"https:\/\/stayonyourfeet.ca\/for-service-providers\/aboutus\/\"]}]},{\"@type\":\"BreadcrumbList\",\"@id\":\"https:\/\/stayonyourfeet.ca\/for-service-providers\/aboutus\/#breadcrumb\",\"itemListElement\":[{\"@type\":\"ListItem\",\"position\":1,\"name\":\"Home\",\"item\":\"https:\/\/stayonyourfeet.ca\/\"},{\"@type\":\"ListItem\",\"position\":2,\"name\":\"For Service Providers\",\"item\":\"https:\/\/stayonyourfeet.ca\/for-service-providers\/\"},{\"@type\":\"ListItem\",\"position\":3,\"name\":\"About Us\"}]},{\"@type\":\"WebSite\",\"@id\":\"https:\/\/stayonyourfeet.ca\/fr\/#website\",\"url\":\"https:\/\/stayonyourfeet.ca\/fr\/\",\"name\":\"Stay on Your Feet\",\"description\":\"\",\"potentialAction\":[{\"@type\":\"SearchAction\",\"target\":{\"@type\":\"EntryPoint\",\"urlTemplate\":\"https:\/\/stayonyourfeet.ca\/fr\/?s={search_term_string}\"},\"query-input\":\"required name=search_term_string\"}],\"inLanguage\":\"fr-CA\"}]}<\/script>\n<!-- \/ Yoast SEO plugin. -->","yoast_head_json":{"title":"About Us - Stay on Your Feet","robots":{"index":"index","follow":"follow","max-snippet":"max-snippet:-1","max-image-preview":"max-image-preview:large","max-video-preview":"max-video-preview:-1"},"canonical":"https:\/\/stayonyourfeet.ca\/fr\/for-service-providers\/aboutus\/","og_locale":"fr_CA","og_type":"article","og_title":"About Us - Stay on Your Feet","og_description":"About Stay on Your Feet &nbsp; Stay on Your Feet is a regional strategy aimed at improving the quality of life for older adults across northeastern Ontario. Funded by Ontario Health North East and in partnership with the five public &hellip; Read More","og_url":"https:\/\/stayonyourfeet.ca\/fr\/for-service-providers\/aboutus\/","og_site_name":"Stay on Your Feet","article_modified_time":"2025-03-25T19:03:03+00:00","twitter_card":"summary_large_image","twitter_misc":{"Estimation du temps de lecture":"1 minute"},"schema":{"@context":"https:\/\/schema.org","@graph":[{"@type":"WebPage","@id":"https:\/\/stayonyourfeet.ca\/for-service-providers\/aboutus\/","url":"https:\/\/stayonyourfeet.ca\/for-service-providers\/aboutus\/","name":"About Us - Stay on Your Feet","isPartOf":{"@id":"https:\/\/stayonyourfeet.ca\/fr\/#website"},"datePublished":"2020-09-03T17:23:31+00:00","dateModified":"2025-03-25T19:03:03+00:00","breadcrumb":{"@id":"https:\/\/stayonyourfeet.ca\/for-service-providers\/aboutus\/#breadcrumb"},"inLanguage":"fr-CA","potentialAction":[{"@type":"ReadAction","target":["https:\/\/stayonyourfeet.ca\/for-service-providers\/aboutus\/"]}]},{"@type":"BreadcrumbList","@id":"https:\/\/stayonyourfeet.ca\/for-service-providers\/aboutus\/#breadcrumb","itemListElement":[{"@type":"ListItem","position":1,"name":"Home","item":"https:\/\/stayonyourfeet.ca\/"},{"@type":"ListItem","position":2,"name":"For Service Providers","item":"https:\/\/stayonyourfeet.ca\/for-service-providers\/"},{"@type":"ListItem","position":3,"name":"About Us"}]},{"@type":"WebSite","@id":"https:\/\/stayonyourfeet.ca\/fr\/#website","url":"https:\/\/stayonyourfeet.ca\/fr\/","name":"Stay on Your Feet","description":"","potentialAction":[{"@type":"SearchAction","target":{"@type":"EntryPoint","urlTemplate":"https:\/\/stayonyourfeet.ca\/fr\/?s={search_term_string}"},"query-input":"required name=search_term_string"}],"inLanguage":"fr-CA"}]}},"featured_image_src_large":false,"author_info":{"display_name":"duken","author_link":"https:\/\/stayonyourfeet.ca\/fr\/author\/duken\/"},"comment_info":0,"taxonomy_info":[],"_links":{"self":[{"href":"https:\/\/stayonyourfeet.ca\/fr\/wp-json\/wp\/v2\/pages\/1042"}],"collection":[{"href":"https:\/\/stayonyourfeet.ca\/fr\/wp-json\/wp\/v2\/pages"}],"about":[{"href":"https:\/\/stayonyourfeet.ca\/fr\/wp-json\/wp\/v2\/types\/page"}],"author":[{"embeddable":true,"href":"https:\/\/stayonyourfeet.ca\/fr\/wp-json\/wp\/v2\/users\/4"}],"replies":[{"embeddable":true,"href":"https:\/\/stayonyourfeet.ca\/fr\/wp-json\/wp\/v2\/comments?post=1042"}],"version-history":[{"count":8,"href":"https:\/\/stayonyourfeet.ca\/fr\/wp-json\/wp\/v2\/pages\/1042\/revisions"}],"predecessor-version":[{"id":2476,"href":"https:\/\/stayonyourfeet.ca\/fr\/wp-json\/wp\/v2\/pages\/1042\/revisions\/2476"}],"up":[{"embeddable":true,"href":"https:\/\/stayonyourfeet.ca\/fr\/wp-json\/wp\/v2\/pages\/117"}],"wp:attachment":[{"href":"https:\/\/stayonyourfeet.ca\/fr\/wp-json\/wp\/v2\/media?parent=1042"}],"curies":[{"name":"wp","href":"https:\/\/api.w.org\/{rel}","templated":true}]}}