{"id":117,"date":"2017-02-10T20:22:28","date_gmt":"2017-02-10T20:22:28","guid":{"rendered":"http:\/\/themes.kadencethemes.com\/ascend-premium-2\/?page_id=117"},"modified":"2022-08-16T12:00:56","modified_gmt":"2022-08-16T16:00:56","slug":"for-service-providers","status":"publish","type":"page","link":"https:\/\/stayonyourfeet.ca\/fr\/for-service-providers\/","title":{"rendered":"Pour les fournisseurs de services"},"content":{"rendered":"<div id=\"pl-117\"  class=\"panel-layout\" ><div id=\"sep-pg-117-0\" class=\"panel-grid panel-has-style\" ><div style=\"background-color:#b7b107;opacity: 0;\" class=\"panel-row-style kt-row-style-no-padding siteorigin-panels-stretch kt-panel-row-stretch\" data-stretch-type=\"full\" ><div class=\"inner-sep-content-wrap\"><div id=\"pg-117-0\"  class=\"panel-grid panel-has-style\" ><div class=\"panel-row-style panel-row-style-for-117-0\" ><div id=\"pgc-117-0-0\"  class=\"panel-grid-cell\" >\n\n        <div id=\"panel-117-0-0-0\" class=\"so-panel widget widget_kadence_calltoaction_widget kadence_calltoaction_widget panel-first-child panel-last-child\" data-index=\"0\" ><div class=\"kt-ctaw clearfix\"><h1 class=\"kt-call-to-action-title\" style=\"color:#ffffff; font-size:80px; line-height:1; text-align:center; \"  data-max-size=\"80\" data-min-size=\"40\">\u00c0 PROPOS DE LA STRAT\u00c9GIE AVANCEZ DE PIED FERME<\/h1><h5 class=\"kt-call-to-action-subtitle\" style=\"color:#ffffff; font-size:30px; line-height:1; text-align:center; \"  data-max-size=\"30\" data-min-size=\"20\">La strat\u00e9gie r\u00e9gionale Avancez de pied ferme encourage le vieillissement sain et actif des personnes \u00e2g\u00e9es.<\/h5><\/div><\/div>\n    <\/div><\/div><\/div><div class=\"panel-row-style kt-row-style-no-padding kt_sep_panel sep_three_small_triangle siteorigin-panels-stretch\" data-stretch-type=\"full-stretched\"><div class=\"sep-triangle-bottom left-small\" style=\"border-top-color:#b7b107\"><\/div><div class=\"sep-triangle-bottom\" style=\"border-top-color:#b7b107\"><\/div><div class=\"sep-triangle-bottom right-small\" style=\"border-top-color:#b7b107\"><\/div><\/div><\/div><\/div><\/div><div id=\"pg-117-1\"  class=\"panel-grid panel-has-style\" ><div class=\"siteorigin-panels-stretch kt-panel-row-full-stretch panel-row-style panel-row-style-for-117-1\" style=\"opacity: 0;\" data-stretch-type=\"full-stretched\" ><div id=\"pgc-117-1-0\"  class=\"panel-grid-cell\" ><div id=\"panel-117-1-0-0\" class=\"so-panel widget widget_text panel-first-child panel-last-child\" data-index=\"1\" ><div class=\"panel-widget-style panel-widget-style-for-117-1-0-0\" >\t\t\t<div class=\"textwidget\"><hr \/>\n<h1>Vieillir en bonne sant\u00e9 - vivez votre meilleure vie<\/h1>\n<p class=\"x_MsoNormal\"><span class=\"x_e24kjd\">Nous vivons plus longtemps et le nombre de personnes \u00e2g\u00e9es dans notre communaut\u00e9 augmente. C\u2019est une bonne nouvelle. Notre esprit et notre corps changent avec l\u2019\u00e2ge. La strat\u00e9gie Avancez de pied ferme propose des moyens de rester fort, de rester actif, de rester social et de vivre votre meilleure vie en vieillissant.\u00a0\u00a0 <\/span><\/p>\n<p class=\"x_MsoNormal\"><strong><span class=\"x_e24kjd\">Avancez de pied ferme <\/span><\/strong><\/p>\n<p class=\"x_MsoNormal\"><span class=\"x_e24kjd\">Avancez de pied ferme est une strat\u00e9gie r\u00e9gionale visant \u00e0 am\u00e9liorer la qualit\u00e9 de vie des personnes \u00e2g\u00e9es dans le Nord-Est de l\u2019Ontario. Financ\u00e9 par le RLISS du Nord-Est et en partenariat avec les cinq bureaux de sant\u00e9 publique, Avancez de pied ferme travaille avec une multitude de partenaires dans cinq domaines cl\u00e9s :<\/span><\/p>\n<ol>\n<li class=\"x_MsoListParagraph\"><span class=\"x_e24kjd\">Renforcer l\u2019action communautaire \u2013 les personnes \u00e2g\u00e9es et les partenaires \u00e9tablissent des priorit\u00e9s et orientations. <\/span><\/li>\n<li class=\"x_MsoListParagraph\"><span class=\"x_e24kjd\">D\u00e9velopper des comp\u00e9tences personnelles - les personnes \u00e2g\u00e9es ont des options pour am\u00e9liorer leur sant\u00e9.<\/span><\/li>\n<li class=\"x_MsoListParagraph\"><span class=\"x_e24kjd\">Cr\u00e9er des environnements favorables \u2013 les communaut\u00e9s et les services renforcent les options favorables \u00e0 la sant\u00e9 pour les personnes \u00e2g\u00e9es.<\/span><\/li>\n<li class=\"x_MsoListParagraph\"><span class=\"x_e24kjd\">\u00c9laborer des politiques publiques favorables \u00e0 la sant\u00e9 \u2013 les organisations, les gouvernements locaux et provinciaux aident les personnes \u00e2g\u00e9es \u00e0 rester en bonne sant\u00e9 et autonomes gr\u00e2ce \u00e0 des politiques qui favorisent la sant\u00e9.<\/span><\/li>\n<li class=\"x_MsoListParagraph\"><span class=\"x_e24kjd\">R\u00e9orienter les services (de sant\u00e9) \u2013 chacun fait sa part pour permettre \u00e0 tous de vieillir en bonne sant\u00e9.<\/span><\/li>\n<\/ol>\n<p class=\"x_MsoNormal\"><em><span class=\"x_e24kjd\">\u00ab Il faut une communaut\u00e9\u2026 \u00bb \u00bb<\/span><\/em><\/p>\n<\/div>\n\t\t<\/div><\/div><\/div><\/div><\/div><div id=\"pg-117-2\"  class=\"panel-grid panel-has-style\"  style=\"margin-bottom: 0px;margin-left: 0px;margin-right: 0px;\" ><div class=\"kt-no-cell-margin siteorigin-panels-stretch kt-panel-row-full-stretch panel-row-style panel-row-style-for-117-2\" style=\"opacity: 0;\" data-stretch-type=\"full-stretched\" ><div id=\"pgc-117-2-0\"  class=\"panel-grid-cell\" ><div id=\"panel-117-2-0-0\" class=\"so-panel widget widget_kadence_imgmenu_widget kadence_imgmenu_widget panel-first-child panel-last-child\" data-index=\"2\" >\t\t\t<div class=\"image-menu-fixed-height image-menu_item kt-img-overlay-widget\">\n\t\t\t    <a href=\"https:\/\/stayonyourfeet.ca\/fr\/category\/active\/\" class=\"image_menu_item_link\" target=\"_self\">\t\t\t        \t                \t\t<div class=\"image_menu-bg-item\" style=\"background: url(https:\/\/stayonyourfeet.ca\/wp-content\/uploads\/2020\/08\/Asset-2-50.jpg) center center no-repeat; height:400px; background-size:cover;\">\n\t\t\t\t        <\/div>\n\t                                \t<div class=\"image_menu_overlay\"><\/div>\n                    <div class=\"image_menu_message  imt-align-center imt-valign-center\">\n                    \t<div class=\"image_menu_message_inner\">\n\t\t\t        \t\t<h4>SOYONS ACTIFS<\/h4><h5>Rester actif aide \u00e0 am\u00e9liorer la flexibilit\u00e9, l\u2019\u00e9quilibre et la force musculaire. \n<\/h5>\t\t\t            <\/div>\n\t\t\t\t    <\/div>\n\t        \t<\/a>\t\t\t<\/div>\n\t\t<\/div><\/div><div id=\"pgc-117-2-1\"  class=\"panel-grid-cell\" ><div id=\"panel-117-2-1-0\" class=\"so-panel widget widget_kadence_imgmenu_widget kadence_imgmenu_widget panel-first-child panel-last-child\" data-index=\"3\" >\t\t\t<div class=\"image-menu-fixed-height image-menu_item kt-img-overlay-widget\">\n\t\t\t    <a href=\"https:\/\/stayonyourfeet.ca\/fr\/category\/social\/\" class=\"image_menu_item_link\" target=\"_self\">\t\t\t        \t                \t\t<div class=\"image_menu-bg-item\" style=\"background: url(https:\/\/stayonyourfeet.ca\/wp-content\/uploads\/2020\/08\/Asset-3-50.jpg) center center no-repeat; height:400px; background-size:cover;\">\n\t\t\t\t        <\/div>\n\t                                \t<div class=\"image_menu_overlay\"><\/div>\n                    <div class=\"image_menu_message  imt-align-center imt-valign-center\">\n                    \t<div class=\"image_menu_message_inner\">\n\t\t\t        \t\t<h4>SOYONS SOCIAUX!<\/h4><h5>Rester social aide \u00e0 \u00e9tablir des relations et \u00e0 am\u00e9liorer la sant\u00e9 mentale.<\/h5>\t\t\t            <\/div>\n\t\t\t\t    <\/div>\n\t        \t<\/a>\t\t\t<\/div>\n\t\t<\/div><\/div><div id=\"pgc-117-2-2\"  class=\"panel-grid-cell\" ><div id=\"panel-117-2-2-0\" class=\"so-panel widget widget_kadence_imgmenu_widget kadence_imgmenu_widget panel-first-child panel-last-child\" data-index=\"4\" >\t\t\t<div class=\"image-menu-fixed-height image-menu_item kt-img-overlay-widget\">\n\t\t\t    <a href=\"https:\/\/stayonyourfeet.ca\/fr\/category\/strong\/\" class=\"image_menu_item_link\" target=\"_self\">\t\t\t        \t                \t\t<div class=\"image_menu-bg-item\" style=\"background: url(https:\/\/stayonyourfeet.ca\/wp-content\/uploads\/2020\/08\/Asset-4-50.jpg) center center no-repeat; height:400px; background-size:cover;\">\n\t\t\t\t        <\/div>\n\t                                \t<div class=\"image_menu_overlay\"><\/div>\n                    <div class=\"image_menu_message  imt-align-center imt-valign-center\">\n                    \t<div class=\"image_menu_message_inner\">\n\t\t\t        \t\t<h4>SOYONS FORTS!<\/h4><h5>Rester fort est une approche holistique visant \u00e0 r\u00e9duire et \u00e0 \u00e9liminer les obstacles au vieillissement en bonne sant\u00e9.<\/h5>\t\t\t            <\/div>\n\t\t\t\t    <\/div>\n\t        \t<\/a>\t\t\t<\/div>\n\t\t<\/div><\/div><\/div><\/div><\/div>","protected":false},"excerpt":{"rendered":"<p>Healthy Aging &#8211; live your best life We are living longer and the number of older adults in our community is growing. That\u2019s good news.\u00a0 As we age, our minds and bodies change.\u00a0 Stay on Your Feet promotes ways you &hellip; <a class=\"kt-excerpt-readmore more-link\" href=\"https:\/\/stayonyourfeet.ca\/fr\/for-service-providers\/\" aria-label=\"Pour les fournisseurs de services\">Lire la suite (disponible en anglais seulement).<\/a><\/p>","protected":false},"author":1,"featured_media":0,"parent":0,"menu_order":0,"comment_status":"closed","ping_status":"closed","template":"","meta":{"kt_blocks_editor_width":"","footnotes":""},"yoast_head":"<!-- This site is optimized with the Yoast SEO plugin v20.10 - https:\/\/yoast.com\/wordpress\/plugins\/seo\/ -->\n<title>For Service Providers - Stay on Your Feet<\/title>\n<meta name=\"robots\" content=\"index, follow, max-snippet:-1, max-image-preview:large, max-video-preview:-1\" \/>\n<link rel=\"canonical\" href=\"https:\/\/stayonyourfeet.ca\/fr\/for-service-providers\/\" \/>\n<meta property=\"og:locale\" content=\"fr_CA\" \/>\n<meta property=\"og:type\" content=\"article\" \/>\n<meta property=\"og:title\" content=\"For Service Providers - Stay on Your Feet\" \/>\n<meta property=\"og:description\" content=\"Healthy Aging - live your best life We are living longer and the number of older adults in our community is growing. That\u2019s good news.\u00a0 As we age, our minds and bodies change.\u00a0 Stay on Your Feet promotes ways you &hellip; Read More\" \/>\n<meta property=\"og:url\" content=\"https:\/\/stayonyourfeet.ca\/fr\/for-service-providers\/\" \/>\n<meta property=\"og:site_name\" content=\"Stay on Your Feet\" \/>\n<meta property=\"article:modified_time\" content=\"2022-08-16T16:00:56+00:00\" \/>\n<meta name=\"twitter:card\" content=\"summary_large_image\" \/>\n<meta name=\"twitter:label1\" content=\"Estimation du temps de lecture\" \/>\n\t<meta name=\"twitter:data1\" content=\"1 minute\" \/>\n<script type=\"application\/ld+json\" class=\"yoast-schema-graph\">{\"@context\":\"https:\/\/schema.org\",\"@graph\":[{\"@type\":\"WebPage\",\"@id\":\"https:\/\/stayonyourfeet.ca\/for-service-providers\/\",\"url\":\"https:\/\/stayonyourfeet.ca\/for-service-providers\/\",\"name\":\"For Service Providers - Stay on Your Feet\",\"isPartOf\":{\"@id\":\"https:\/\/stayonyourfeet.ca\/fr\/#website\"},\"datePublished\":\"2017-02-10T20:22:28+00:00\",\"dateModified\":\"2022-08-16T16:00:56+00:00\",\"breadcrumb\":{\"@id\":\"https:\/\/stayonyourfeet.ca\/for-service-providers\/#breadcrumb\"},\"inLanguage\":\"fr-CA\",\"potentialAction\":[{\"@type\":\"ReadAction\",\"target\":[\"https:\/\/stayonyourfeet.ca\/for-service-providers\/\"]}]},{\"@type\":\"BreadcrumbList\",\"@id\":\"https:\/\/stayonyourfeet.ca\/for-service-providers\/#breadcrumb\",\"itemListElement\":[{\"@type\":\"ListItem\",\"position\":1,\"name\":\"Home\",\"item\":\"https:\/\/stayonyourfeet.ca\/\"},{\"@type\":\"ListItem\",\"position\":2,\"name\":\"For Service Providers\"}]},{\"@type\":\"WebSite\",\"@id\":\"https:\/\/stayonyourfeet.ca\/fr\/#website\",\"url\":\"https:\/\/stayonyourfeet.ca\/fr\/\",\"name\":\"Stay on Your Feet\",\"description\":\"\",\"potentialAction\":[{\"@type\":\"SearchAction\",\"target\":{\"@type\":\"EntryPoint\",\"urlTemplate\":\"https:\/\/stayonyourfeet.ca\/fr\/?s={search_term_string}\"},\"query-input\":\"required name=search_term_string\"}],\"inLanguage\":\"fr-CA\"}]}<\/script>\n<!-- \/ Yoast SEO plugin. -->","yoast_head_json":{"title":"For Service Providers - Stay on Your Feet","robots":{"index":"index","follow":"follow","max-snippet":"max-snippet:-1","max-image-preview":"max-image-preview:large","max-video-preview":"max-video-preview:-1"},"canonical":"https:\/\/stayonyourfeet.ca\/fr\/for-service-providers\/","og_locale":"fr_CA","og_type":"article","og_title":"For Service Providers - Stay on Your Feet","og_description":"Healthy Aging - live your best life We are living longer and the number of older adults in our community is growing. That\u2019s good news.\u00a0 As we age, our minds and bodies change.\u00a0 Stay on Your Feet promotes ways you &hellip; Read More","og_url":"https:\/\/stayonyourfeet.ca\/fr\/for-service-providers\/","og_site_name":"Stay on Your Feet","article_modified_time":"2022-08-16T16:00:56+00:00","twitter_card":"summary_large_image","twitter_misc":{"Estimation du temps de lecture":"1 minute"},"schema":{"@context":"https:\/\/schema.org","@graph":[{"@type":"WebPage","@id":"https:\/\/stayonyourfeet.ca\/for-service-providers\/","url":"https:\/\/stayonyourfeet.ca\/for-service-providers\/","name":"For Service Providers - Stay on Your Feet","isPartOf":{"@id":"https:\/\/stayonyourfeet.ca\/fr\/#website"},"datePublished":"2017-02-10T20:22:28+00:00","dateModified":"2022-08-16T16:00:56+00:00","breadcrumb":{"@id":"https:\/\/stayonyourfeet.ca\/for-service-providers\/#breadcrumb"},"inLanguage":"fr-CA","potentialAction":[{"@type":"ReadAction","target":["https:\/\/stayonyourfeet.ca\/for-service-providers\/"]}]},{"@type":"BreadcrumbList","@id":"https:\/\/stayonyourfeet.ca\/for-service-providers\/#breadcrumb","itemListElement":[{"@type":"ListItem","position":1,"name":"Home","item":"https:\/\/stayonyourfeet.ca\/"},{"@type":"ListItem","position":2,"name":"For Service Providers"}]},{"@type":"WebSite","@id":"https:\/\/stayonyourfeet.ca\/fr\/#website","url":"https:\/\/stayonyourfeet.ca\/fr\/","name":"Stay on Your Feet","description":"","potentialAction":[{"@type":"SearchAction","target":{"@type":"EntryPoint","urlTemplate":"https:\/\/stayonyourfeet.ca\/fr\/?s={search_term_string}"},"query-input":"required name=search_term_string"}],"inLanguage":"fr-CA"}]}},"featured_image_src_large":false,"author_info":{"display_name":"vsgroup","author_link":"https:\/\/stayonyourfeet.ca\/fr\/author\/vsgroup\/"},"comment_info":0,"taxonomy_info":[],"_links":{"self":[{"href":"https:\/\/stayonyourfeet.ca\/fr\/wp-json\/wp\/v2\/pages\/117"}],"collection":[{"href":"https:\/\/stayonyourfeet.ca\/fr\/wp-json\/wp\/v2\/pages"}],"about":[{"href":"https:\/\/stayonyourfeet.ca\/fr\/wp-json\/wp\/v2\/types\/page"}],"author":[{"embeddable":true,"href":"https:\/\/stayonyourfeet.ca\/fr\/wp-json\/wp\/v2\/users\/1"}],"replies":[{"embeddable":true,"href":"https:\/\/stayonyourfeet.ca\/fr\/wp-json\/wp\/v2\/comments?post=117"}],"version-history":[{"count":138,"href":"https:\/\/stayonyourfeet.ca\/fr\/wp-json\/wp\/v2\/pages\/117\/revisions"}],"predecessor-version":[{"id":1017,"href":"https:\/\/stayonyourfeet.ca\/fr\/wp-json\/wp\/v2\/pages\/117\/revisions\/1017"}],"wp:attachment":[{"href":"https:\/\/stayonyourfeet.ca\/fr\/wp-json\/wp\/v2\/media?parent=117"}],"curies":[{"name":"wp","href":"https:\/\/api.w.org\/{rel}","templated":true}]}}