{"id":2131,"date":"2023-11-03T10:25:07","date_gmt":"2023-11-03T14:25:07","guid":{"rendered":"https:\/\/stayonyourfeet.ca\/?page_id=2131"},"modified":"2024-08-14T11:03:03","modified_gmt":"2024-08-14T15:03:03","slug":"training-opportunities","status":"publish","type":"page","link":"https:\/\/stayonyourfeet.ca\/fr\/for-service-providers\/training-opportunities\/","title":{"rendered":"Training Opportunities"},"content":{"rendered":"<div id=\"pl-2131\"  class=\"panel-layout\" ><div id=\"sep-pg-2131-0\" class=\"panel-grid panel-has-style\" ><div style=\"background-color:#b7b107;opacity: 0;\" class=\"panel-row-style kt-row-style-no-padding siteorigin-panels-stretch kt-panel-row-stretch\" data-stretch-type=\"full\" ><div class=\"inner-sep-content-wrap\"><div id=\"pg-2131-0\"  class=\"panel-grid panel-has-style\" ><div class=\"panel-row-style panel-row-style-for-2131-0\" ><div id=\"pgc-2131-0-0\"  class=\"panel-grid-cell\" >\n\n        <div id=\"panel-2131-0-0-0\" class=\"so-panel widget widget_kadence_calltoaction_widget kadence_calltoaction_widget panel-first-child panel-last-child\" data-index=\"0\" ><div class=\"kt-ctaw clearfix\"><h1 class=\"kt-call-to-action-title\" style=\"color:#ffffff; font-size:80px; line-height:1; text-align:center; \"  data-max-size=\"80\" data-min-size=\"40\">Training Opportunities<\/h1><h5 class=\"kt-call-to-action-subtitle\" style=\"color:#ffffff; font-size:30px; line-height:1; text-align:center; \"  data-max-size=\"30\" data-min-size=\"20\">Subtitle<\/h5><\/div><\/div>\n    <\/div><\/div><\/div><div class=\"panel-row-style kt-row-style-no-padding kt_sep_panel sep_three_small_triangle siteorigin-panels-stretch\" data-stretch-type=\"full-stretched\"><div class=\"sep-triangle-bottom left-small\" style=\"border-top-color:#b7b107\"><\/div><div class=\"sep-triangle-bottom\" style=\"border-top-color:#b7b107\"><\/div><div class=\"sep-triangle-bottom right-small\" style=\"border-top-color:#b7b107\"><\/div><\/div><\/div><\/div><\/div><div id=\"pg-2131-1\"  class=\"panel-grid panel-has-style\" ><div class=\"siteorigin-panels-stretch panel-row-style panel-row-style-for-2131-1\" data-stretch-type=\"full-width-stretch\" ><div id=\"pgc-2131-1-0\"  class=\"panel-grid-cell\" >\n                <div id=\"panel-2131-1-0-0\" class=\"so-panel widget widget_kadence_split_content_widget kadence_split_content_widget panel-first-child\" data-index=\"1\" ><div class=\"panel-widget-style panel-widget-style-for-2131-1-0-0\" >                \t<!-- Image Split -->\n\t<div class=\"kt-image-split\" id=\"kt-image-split-widget-1-0-0\">\n\t\t  <div class=\"row-no-margin\">\n\t\t\t<div class=\"col-md-6 kt-si-imagecol img-ktsi-right kt-animate-fade-in-\t\t\t\t\t\t\t\t\t\t\t\t\t\t\t\t\tleft\" style=\"\t\t\tbackground-image:url(https:\/\/stayonyourfeet.ca\/wp-content\/uploads\/2020\/06\/Artboard-8soyf.jpg); background-size:cover; background-position: center center; min-height:350px;\">\n\t\t\t\t  <div class=\"kt-si-table-box\" style=\"height:700px\">\n\t\t\t\t\t  <div class=\"kt-si-cell-box\">\n\t\t\t\t\t\t<div class=\"kt-si-image kt-si-cover-image\" style=\"max-height:700px;\"><\/div>\t\t\t\t\t<\/div>\n\t\t\t\t  <\/div>\n\t\t\t <\/div>\n\t\t\t <div class=\"col-md-6 kt-si-imagecol content-ktsi-right kt-animate-fade-in-right\" \n\t\t\t\t\t\t\t\t\t\t\t\t\t\t\t\t\t\t style=\"background-color:#e2e2e2\"\t\t\t\t>\n\t\t\t\t  <div class=\"kt-si-table-box\" style=\"height:700px\">\n\t\t\t\t\t  <div class=\"kt-si-cell-box\">\n\t\t\t\t\t\t  <div class=\"kt-si-inner-content\" style=\"max-width:500px;  \">\n\t\t\t\t\t\t\t<h2 class=\"kt_imgsplit_title\" style=\"\">Training Opportunities<\/h2><a href=\"https:\/\/stayonyourfeet.ca\/fr\/contact\/\" target=\"_self\" class=\"kt_imgsplit_btn btn\">Communiquez avec nous<\/a>\t\t\t\t\t\t <\/div>\n\t\t\t\t\t<\/div>\n\t\t\t\t  <\/div>\n\t\t\t<\/div>\n\t\t  <\/div>\n\t<\/div>\n\n\t\n                <\/div><\/div>\n    <div id=\"panel-2131-1-0-1\" class=\"so-panel widget widget_text panel-last-child\" data-index=\"2\" ><div class=\"panel-widget-style panel-widget-style-for-2131-1-0-1\" >\t\t\t<div class=\"textwidget\"><p><a href=\"https:\/\/stayonyourfeet.ca\/fr\/falls-prevention-module\/\"><strong>Fall Prevention Module<\/strong><\/a><\/p>\n<p><span style=\"text-decoration: underline;\"><strong>Stand Up Facilitation<\/strong><\/span><\/p>\n<ul>\n<li>Seeking <a href=\"https:\/\/stayonyourfeet.ca\/wp-content\/uploads\/2024\/08\/Stand-Up-Fitness-Instructors.pdf\">Stand Up-Fitness Instructors<\/a><\/li>\n<\/ul>\n<p>&nbsp;<\/p>\n<\/div>\n\t\t<\/div><\/div><\/div><\/div><\/div><div id=\"pg-2131-2\"  class=\"panel-grid panel-has-style\"  style=\"margin-bottom: 0px;margin-left: 0px;margin-right: 0px;\" ><div class=\"kt-no-cell-margin siteorigin-panels-stretch panel-row-style panel-row-style-for-2131-2\" data-stretch-type=\"full-width-stretch\" ><div id=\"pgc-2131-2-0\"  class=\"panel-grid-cell\" ><div id=\"panel-2131-2-0-0\" class=\"so-panel widget widget_kadence_imgmenu_widget kadence_imgmenu_widget panel-first-child panel-last-child\" data-index=\"3\" >\t\t\t<div class=\"image-menu-fixed-height image-menu_item kt-img-overlay-widget\">\n\t\t\t    <a href=\"https:\/\/stayonyourfeet.ca\/fr\/category\/active\/\" class=\"image_menu_item_link\" target=\"_self\">\t\t\t        \t                \t\t<div class=\"image_menu-bg-item\" style=\"background: url(https:\/\/stayonyourfeet.ca\/wp-content\/uploads\/2020\/08\/Asset-2-50.jpg) center center no-repeat; height:400px; background-size:cover;\">\n\t\t\t\t        <\/div>\n\t                                \t<div class=\"image_menu_overlay\"><\/div>\n                    <div class=\"image_menu_message  imt-align-center imt-valign-center\">\n                    \t<div class=\"image_menu_message_inner\">\n\t\t\t        \t\t<h4>SOYONS ACTIFS<\/h4><h5>Rester actif aide \u00e0 am\u00e9liorer la flexibilit\u00e9, l\u2019\u00e9quilibre et la force musculaire. \n<\/h5>\t\t\t            <\/div>\n\t\t\t\t    <\/div>\n\t        \t<\/a>\t\t\t<\/div>\n\t\t<\/div><\/div><div id=\"pgc-2131-2-1\"  class=\"panel-grid-cell\" ><div id=\"panel-2131-2-1-0\" class=\"so-panel widget widget_kadence_imgmenu_widget kadence_imgmenu_widget panel-first-child panel-last-child\" data-index=\"4\" >\t\t\t<div class=\"image-menu-fixed-height image-menu_item kt-img-overlay-widget\">\n\t\t\t    <a href=\"https:\/\/stayonyourfeet.ca\/fr\/category\/social\/\" class=\"image_menu_item_link\" target=\"_self\">\t\t\t        \t                \t\t<div class=\"image_menu-bg-item\" style=\"background: url(https:\/\/stayonyourfeet.ca\/wp-content\/uploads\/2020\/08\/Asset-3-50.jpg) center center no-repeat; height:400px; background-size:cover;\">\n\t\t\t\t        <\/div>\n\t                                \t<div class=\"image_menu_overlay\"><\/div>\n                    <div class=\"image_menu_message  imt-align-center imt-valign-center\">\n                    \t<div class=\"image_menu_message_inner\">\n\t\t\t        \t\t<h4>SOYONS SOCIAUX!<\/h4><h5>Rester social aide \u00e0 \u00e9tablir des relations et \u00e0 am\u00e9liorer la sant\u00e9 mentale.<\/h5>\t\t\t            <\/div>\n\t\t\t\t    <\/div>\n\t        \t<\/a>\t\t\t<\/div>\n\t\t<\/div><\/div><div id=\"pgc-2131-2-2\"  class=\"panel-grid-cell\" ><div id=\"panel-2131-2-2-0\" class=\"so-panel widget widget_kadence_imgmenu_widget kadence_imgmenu_widget panel-first-child panel-last-child\" data-index=\"5\" >\t\t\t<div class=\"image-menu-fixed-height image-menu_item kt-img-overlay-widget\">\n\t\t\t    <a href=\"https:\/\/stayonyourfeet.ca\/fr\/category\/strong\/\" class=\"image_menu_item_link\" target=\"_self\">\t\t\t        \t                \t\t<div class=\"image_menu-bg-item\" style=\"background: url(https:\/\/stayonyourfeet.ca\/wp-content\/uploads\/2020\/08\/Asset-4-50.jpg) center center no-repeat; height:400px; background-size:cover;\">\n\t\t\t\t        <\/div>\n\t                                \t<div class=\"image_menu_overlay\"><\/div>\n                    <div class=\"image_menu_message  imt-align-center imt-valign-center\">\n                    \t<div class=\"image_menu_message_inner\">\n\t\t\t        \t\t<h4>SOYONS FORTS!<\/h4><h5>Rester fort est une approche holistique visant \u00e0 r\u00e9duire et \u00e0 \u00e9liminer les obstacles au vieillissement en bonne sant\u00e9.<\/h5>\t\t\t            <\/div>\n\t\t\t\t    <\/div>\n\t        \t<\/a>\t\t\t<\/div>\n\t\t<\/div><\/div><\/div><\/div><\/div>","protected":false},"excerpt":{"rendered":"<p>Fall Prevention Module Stand Up Facilitation Seeking Stand Up-Fitness Instructors &nbsp;<\/p>","protected":false},"author":4,"featured_media":0,"parent":117,"menu_order":10,"comment_status":"closed","ping_status":"closed","template":"","meta":{"kt_blocks_editor_width":"","footnotes":""},"yoast_head":"<!-- This site is optimized with the Yoast SEO plugin v20.10 - https:\/\/yoast.com\/wordpress\/plugins\/seo\/ -->\n<title>Training Opportunities - Stay on Your Feet<\/title>\n<meta name=\"robots\" content=\"index, follow, max-snippet:-1, max-image-preview:large, max-video-preview:-1\" \/>\n<link rel=\"canonical\" href=\"https:\/\/stayonyourfeet.ca\/fr\/for-service-providers\/training-opportunities\/\" \/>\n<meta property=\"og:locale\" content=\"fr_CA\" \/>\n<meta property=\"og:type\" content=\"article\" \/>\n<meta property=\"og:title\" content=\"Training Opportunities - Stay on Your Feet\" \/>\n<meta property=\"og:description\" content=\"Fall Prevention Module Stand Up Facilitation Seeking Stand Up-Fitness Instructors &nbsp;\" \/>\n<meta property=\"og:url\" content=\"https:\/\/stayonyourfeet.ca\/fr\/for-service-providers\/training-opportunities\/\" \/>\n<meta property=\"og:site_name\" content=\"Stay on Your Feet\" \/>\n<meta property=\"article:modified_time\" content=\"2024-08-14T15:03:03+00:00\" \/>\n<meta name=\"twitter:card\" content=\"summary_large_image\" \/>\n<meta name=\"twitter:label1\" content=\"Estimation du temps de lecture\" \/>\n\t<meta name=\"twitter:data1\" content=\"1 minute\" \/>\n<script type=\"application\/ld+json\" class=\"yoast-schema-graph\">{\"@context\":\"https:\/\/schema.org\",\"@graph\":[{\"@type\":\"WebPage\",\"@id\":\"https:\/\/stayonyourfeet.ca\/for-service-providers\/training-opportunities\/\",\"url\":\"https:\/\/stayonyourfeet.ca\/for-service-providers\/training-opportunities\/\",\"name\":\"Training Opportunities - Stay on Your Feet\",\"isPartOf\":{\"@id\":\"https:\/\/stayonyourfeet.ca\/fr\/#website\"},\"datePublished\":\"2023-11-03T14:25:07+00:00\",\"dateModified\":\"2024-08-14T15:03:03+00:00\",\"breadcrumb\":{\"@id\":\"https:\/\/stayonyourfeet.ca\/for-service-providers\/training-opportunities\/#breadcrumb\"},\"inLanguage\":\"fr-CA\",\"potentialAction\":[{\"@type\":\"ReadAction\",\"target\":[\"https:\/\/stayonyourfeet.ca\/for-service-providers\/training-opportunities\/\"]}]},{\"@type\":\"BreadcrumbList\",\"@id\":\"https:\/\/stayonyourfeet.ca\/for-service-providers\/training-opportunities\/#breadcrumb\",\"itemListElement\":[{\"@type\":\"ListItem\",\"position\":1,\"name\":\"Home\",\"item\":\"https:\/\/stayonyourfeet.ca\/\"},{\"@type\":\"ListItem\",\"position\":2,\"name\":\"For Service Providers\",\"item\":\"https:\/\/stayonyourfeet.ca\/for-service-providers\/\"},{\"@type\":\"ListItem\",\"position\":3,\"name\":\"Training Opportunities\"}]},{\"@type\":\"WebSite\",\"@id\":\"https:\/\/stayonyourfeet.ca\/fr\/#website\",\"url\":\"https:\/\/stayonyourfeet.ca\/fr\/\",\"name\":\"Stay on Your Feet\",\"description\":\"\",\"potentialAction\":[{\"@type\":\"SearchAction\",\"target\":{\"@type\":\"EntryPoint\",\"urlTemplate\":\"https:\/\/stayonyourfeet.ca\/fr\/?s={search_term_string}\"},\"query-input\":\"required name=search_term_string\"}],\"inLanguage\":\"fr-CA\"}]}<\/script>\n<!-- \/ Yoast SEO plugin. -->","yoast_head_json":{"title":"Training Opportunities - Stay on Your Feet","robots":{"index":"index","follow":"follow","max-snippet":"max-snippet:-1","max-image-preview":"max-image-preview:large","max-video-preview":"max-video-preview:-1"},"canonical":"https:\/\/stayonyourfeet.ca\/fr\/for-service-providers\/training-opportunities\/","og_locale":"fr_CA","og_type":"article","og_title":"Training Opportunities - Stay on Your Feet","og_description":"Fall Prevention Module Stand Up Facilitation Seeking Stand Up-Fitness Instructors &nbsp;","og_url":"https:\/\/stayonyourfeet.ca\/fr\/for-service-providers\/training-opportunities\/","og_site_name":"Stay on Your Feet","article_modified_time":"2024-08-14T15:03:03+00:00","twitter_card":"summary_large_image","twitter_misc":{"Estimation du temps de lecture":"1 minute"},"schema":{"@context":"https:\/\/schema.org","@graph":[{"@type":"WebPage","@id":"https:\/\/stayonyourfeet.ca\/for-service-providers\/training-opportunities\/","url":"https:\/\/stayonyourfeet.ca\/for-service-providers\/training-opportunities\/","name":"Training Opportunities - Stay on Your Feet","isPartOf":{"@id":"https:\/\/stayonyourfeet.ca\/fr\/#website"},"datePublished":"2023-11-03T14:25:07+00:00","dateModified":"2024-08-14T15:03:03+00:00","breadcrumb":{"@id":"https:\/\/stayonyourfeet.ca\/for-service-providers\/training-opportunities\/#breadcrumb"},"inLanguage":"fr-CA","potentialAction":[{"@type":"ReadAction","target":["https:\/\/stayonyourfeet.ca\/for-service-providers\/training-opportunities\/"]}]},{"@type":"BreadcrumbList","@id":"https:\/\/stayonyourfeet.ca\/for-service-providers\/training-opportunities\/#breadcrumb","itemListElement":[{"@type":"ListItem","position":1,"name":"Home","item":"https:\/\/stayonyourfeet.ca\/"},{"@type":"ListItem","position":2,"name":"For Service Providers","item":"https:\/\/stayonyourfeet.ca\/for-service-providers\/"},{"@type":"ListItem","position":3,"name":"Training Opportunities"}]},{"@type":"WebSite","@id":"https:\/\/stayonyourfeet.ca\/fr\/#website","url":"https:\/\/stayonyourfeet.ca\/fr\/","name":"Stay on Your Feet","description":"","potentialAction":[{"@type":"SearchAction","target":{"@type":"EntryPoint","urlTemplate":"https:\/\/stayonyourfeet.ca\/fr\/?s={search_term_string}"},"query-input":"required name=search_term_string"}],"inLanguage":"fr-CA"}]}},"featured_image_src_large":false,"author_info":{"display_name":"duken","author_link":"https:\/\/stayonyourfeet.ca\/fr\/author\/duken\/"},"comment_info":0,"taxonomy_info":[],"_links":{"self":[{"href":"https:\/\/stayonyourfeet.ca\/fr\/wp-json\/wp\/v2\/pages\/2131"}],"collection":[{"href":"https:\/\/stayonyourfeet.ca\/fr\/wp-json\/wp\/v2\/pages"}],"about":[{"href":"https:\/\/stayonyourfeet.ca\/fr\/wp-json\/wp\/v2\/types\/page"}],"author":[{"embeddable":true,"href":"https:\/\/stayonyourfeet.ca\/fr\/wp-json\/wp\/v2\/users\/4"}],"replies":[{"embeddable":true,"href":"https:\/\/stayonyourfeet.ca\/fr\/wp-json\/wp\/v2\/comments?post=2131"}],"version-history":[{"count":12,"href":"https:\/\/stayonyourfeet.ca\/fr\/wp-json\/wp\/v2\/pages\/2131\/revisions"}],"predecessor-version":[{"id":2346,"href":"https:\/\/stayonyourfeet.ca\/fr\/wp-json\/wp\/v2\/pages\/2131\/revisions\/2346"}],"up":[{"embeddable":true,"href":"https:\/\/stayonyourfeet.ca\/fr\/wp-json\/wp\/v2\/pages\/117"}],"wp:attachment":[{"href":"https:\/\/stayonyourfeet.ca\/fr\/wp-json\/wp\/v2\/media?parent=2131"}],"curies":[{"name":"wp","href":"https:\/\/api.w.org\/{rel}","templated":true}]}}