{"id":2160,"date":"2023-11-21T13:13:42","date_gmt":"2023-11-21T18:13:42","guid":{"rendered":"https:\/\/stayonyourfeet.ca\/?page_id=2160"},"modified":"2025-03-25T15:17:31","modified_gmt":"2025-03-25T19:17:31","slug":"stand-up-facilitation","status":"publish","type":"page","link":"https:\/\/stayonyourfeet.ca\/fr\/stand-up-facilitation\/","title":{"rendered":"STAND UP! Facilitation"},"content":{"rendered":"<div id=\"pl-2160\"  class=\"panel-layout\" ><div id=\"sep-pg-2160-0\" class=\"panel-grid panel-has-style\" ><div style=\"background-color:#b7b107;opacity: 0;\" class=\"panel-row-style kt-row-style-no-padding siteorigin-panels-stretch kt-panel-row-stretch\" data-stretch-type=\"full\" ><div class=\"inner-sep-content-wrap\"><div id=\"pg-2160-0\"  class=\"panel-grid panel-has-style\" ><div class=\"panel-row-style panel-row-style-for-2160-0\" ><div id=\"pgc-2160-0-0\"  class=\"panel-grid-cell\" >\n\n        <div id=\"panel-2160-0-0-0\" class=\"so-panel widget widget_kadence_calltoaction_widget kadence_calltoaction_widget panel-first-child panel-last-child\" data-index=\"0\" ><div class=\"kt-ctaw clearfix\"><h1 class=\"kt-call-to-action-title\" style=\"color:#ffffff; font-size:80px; line-height:1; text-align:center; \"  data-max-size=\"80\" data-min-size=\"40\">STAND UP! Facilitation<\/h1><h5 class=\"kt-call-to-action-subtitle\" style=\"color:#ffffff; font-size:30px; line-height:1; text-align:center; \"  data-max-size=\"30\" data-min-size=\"20\">Seeking Fitness Instructors<\/h5><\/div><\/div>\n    <\/div><\/div><\/div><div class=\"panel-row-style kt-row-style-no-padding kt_sep_panel sep_three_small_triangle siteorigin-panels-stretch\" data-stretch-type=\"full-stretched\"><div class=\"sep-triangle-bottom left-small\" style=\"border-top-color:#b7b107\"><\/div><div class=\"sep-triangle-bottom\" style=\"border-top-color:#b7b107\"><\/div><div class=\"sep-triangle-bottom right-small\" style=\"border-top-color:#b7b107\"><\/div><\/div><\/div><\/div><\/div><div id=\"pg-2160-1\"  class=\"panel-grid panel-has-style\" ><div class=\"siteorigin-panels-stretch panel-row-style panel-row-style-for-2160-1\" data-stretch-type=\"full-width-stretch\" ><div id=\"pgc-2160-1-0\"  class=\"panel-grid-cell\" >\n                <div id=\"panel-2160-1-0-0\" class=\"so-panel widget widget_kadence_split_content_widget kadence_split_content_widget panel-first-child\" data-index=\"1\" ><div class=\"panel-widget-style panel-widget-style-for-2160-1-0-0\" >                \t<!-- Image Split -->\n\t<div class=\"kt-image-split\" id=\"kt-image-split-widget-1-0-0\">\n\t\t  <div class=\"row-no-margin\">\n\t\t\t<div class=\"col-md-6 kt-si-imagecol img-ktsi-left kt-animate-fade-in-\t\t\t\t\t\t\t\t\t\t\t\t\t\t\t\t\tright\" style=\"\t\t\t\">\n\t\t\t\t  <div class=\"kt-si-table-box\" style=\"height:700px\">\n\t\t\t\t\t  <div class=\"kt-si-cell-box\">\n\t\t\t\t\t\t<img decoding=\"async\" src=\"https:\/\/stayonyourfeet.ca\/wp-content\/uploads\/2025\/03\/Stand-Up-ad-no-contacts.png\" alt=\"Seeking Fitness Instructors\" class=\"kt-si-image\" style=\"max-height:700px\">\t\t\t\t\t<\/div>\n\t\t\t\t  <\/div>\n\t\t\t <\/div>\n\t\t\t <div class=\"col-md-6 kt-si-imagecol content-ktsi-left kt-animate-fade-in-left\" \n\t\t\t\t\t\t\t\t\t\t\t\t\t\t\t\t\t\t style=\"background-color:#e2e2e2\"\t\t\t\t>\n\t\t\t\t  <div class=\"kt-si-table-box\" style=\"height:700px\">\n\t\t\t\t\t  <div class=\"kt-si-cell-box\">\n\t\t\t\t\t\t  <div class=\"kt-si-inner-content\" style=\"max-width:500px;  \">\n\t\t\t\t\t\t\t<h2 class=\"kt_imgsplit_title\" style=\"\">Do you...<\/h2><div class=\"kt_imgsplit_content\" style=\"\"><p>\u2022 Enjoy working with older adults?<br \/>\n\u2022 Have an exercise background?<\/p>\n<p>Seeking fitness instructors with experience working with older adults to become STAND UP! facilitators.<\/p>\n<\/div>\t\t\t\t\t\t <\/div>\n\t\t\t\t\t<\/div>\n\t\t\t\t  <\/div>\n\t\t\t<\/div>\n\t\t  <\/div>\n\t<\/div>\n\n\t\n                <\/div><\/div>\n    <div id=\"panel-2160-1-0-1\" class=\"so-panel widget widget_text panel-last-child\" data-index=\"2\" ><div class=\"panel-widget-style panel-widget-style-for-2160-1-0-1\" >\t\t\t<div class=\"textwidget\"><h3>Le programme de pr\u00e9vention des chutes PIED!<\/h3>\n<p>Stand UP! is a fall prevention exercise class offered over 12 weeks, 2.5 hr\/week. FREE training for those who qualify.<\/p>\n<p><strong>PIED! Guide de l\u2019animateur et foire aux questions<\/strong> Les renseignements fournis ci-dessous ont pour but d\u2019aider les animateurs du programme PIED! pendant le processus d\u2019int\u00e9gration.<\/p>\n<ul>\n<li><a href=\"https:\/\/stayonyourfeet.ca\/wp-content\/uploads\/2024\/10\/STAND-UP-Facilitator-FAQ-2024-FR.pdf\">STAND UP! Facilitator FAQ 2024<\/a><\/li>\n<\/ul>\n<p>Pour en savoir plus sur les possibilit\u00e9s de formation, pour offrir un cours ou pour savoir o\u00f9 commence le prochain cours dans votre r\u00e9gion, appelez la personne-ressource de votre bureau de sant\u00e9 ci-dessous.<\/p>\n<hr \/>\n<table>\n<tbody>\n<tr>\n<td width=\"360\"><strong>Sudbury et districts<br \/>\n<\/strong><a href=\"mailto:hodginsj@phsd.ca\">Jennifer Hodgins<\/a><br \/>\n1-866-522-9200<strong>Algoma<br \/>\n<\/strong>Kelly Murray<br \/>\n1-800-265-5379<\/p>\n<p>&nbsp;<\/p>\n<p><strong>Timiskaming<br \/>\n<\/strong><a href=\"mailto:lorna.desmarais@neph.ca\">Lorna Desmarais<\/a><br \/>\n1-877-442-1212<\/td>\n<td width=\"360\"><strong>Porcupine<br \/>\n<\/strong><a href=\"mailto:Dana.Robertson@neph.ca\">Dana Robertson<\/a><br \/>\n1-877-442-1212&nbsp;<\/p>\n<p><strong>Nipissing, Parry Sound<br \/>\n<\/strong><a href=\"mailto:taylormatson@healthunit.ca\">Taylor Matson<\/a><br \/>\n1-800-563-2808<\/p>\n<p>&nbsp;<\/p>\n<p>&nbsp;<\/p>\n<p>&nbsp;<\/td>\n<\/tr>\n<\/tbody>\n<\/table>\n<p>&nbsp;<\/p>\n<\/div>\n\t\t<\/div><\/div><\/div><\/div><\/div><\/div>","protected":false},"excerpt":{"rendered":"<p>STAND UP! Stand UP! is a fall prevention exercise class offered over 12 weeks, 2.5 hr\/week. FREE training for those who qualify. STAND UP! Facilitator Guide and Frequently Asked Questions &#8211; The information provided below is to support STAND UP! &hellip; <a class=\"kt-excerpt-readmore more-link\" href=\"https:\/\/stayonyourfeet.ca\/fr\/stand-up-facilitation\/\" aria-label=\"STAND UP! Facilitation\">Lire la suite (disponible en anglais seulement).<\/a><\/p>","protected":false},"author":4,"featured_media":0,"parent":0,"menu_order":0,"comment_status":"closed","ping_status":"closed","template":"","meta":{"kt_blocks_editor_width":"","footnotes":""},"yoast_head":"<!-- This site is optimized with the Yoast SEO plugin v20.10 - https:\/\/yoast.com\/wordpress\/plugins\/seo\/ -->\n<title>STAND UP! Facilitation - Stay on Your Feet<\/title>\n<meta name=\"robots\" content=\"index, follow, max-snippet:-1, max-image-preview:large, max-video-preview:-1\" \/>\n<link rel=\"canonical\" href=\"https:\/\/stayonyourfeet.ca\/fr\/stand-up-facilitation\/\" \/>\n<meta property=\"og:locale\" content=\"fr_CA\" \/>\n<meta property=\"og:type\" content=\"article\" \/>\n<meta property=\"og:title\" content=\"STAND UP! Facilitation - Stay on Your Feet\" \/>\n<meta property=\"og:description\" content=\"STAND UP! Stand UP! is a fall prevention exercise class offered over 12 weeks, 2.5 hr\/week. FREE training for those who qualify. STAND UP! Facilitator Guide and Frequently Asked Questions - The information provided below is to support STAND UP! &hellip; Read More\" \/>\n<meta property=\"og:url\" content=\"https:\/\/stayonyourfeet.ca\/fr\/stand-up-facilitation\/\" \/>\n<meta property=\"og:site_name\" content=\"Stay on Your Feet\" \/>\n<meta property=\"article:modified_time\" content=\"2025-03-25T19:17:31+00:00\" \/>\n<meta name=\"twitter:card\" content=\"summary_large_image\" \/>\n<meta name=\"twitter:label1\" content=\"Estimation du temps de lecture\" \/>\n\t<meta name=\"twitter:data1\" content=\"1 minute\" \/>\n<script type=\"application\/ld+json\" class=\"yoast-schema-graph\">{\"@context\":\"https:\/\/schema.org\",\"@graph\":[{\"@type\":\"WebPage\",\"@id\":\"https:\/\/stayonyourfeet.ca\/stand-up-facilitation\/\",\"url\":\"https:\/\/stayonyourfeet.ca\/stand-up-facilitation\/\",\"name\":\"STAND UP! Facilitation - Stay on Your Feet\",\"isPartOf\":{\"@id\":\"https:\/\/stayonyourfeet.ca\/fr\/#website\"},\"datePublished\":\"2023-11-21T18:13:42+00:00\",\"dateModified\":\"2025-03-25T19:17:31+00:00\",\"breadcrumb\":{\"@id\":\"https:\/\/stayonyourfeet.ca\/stand-up-facilitation\/#breadcrumb\"},\"inLanguage\":\"fr-CA\",\"potentialAction\":[{\"@type\":\"ReadAction\",\"target\":[\"https:\/\/stayonyourfeet.ca\/stand-up-facilitation\/\"]}]},{\"@type\":\"BreadcrumbList\",\"@id\":\"https:\/\/stayonyourfeet.ca\/stand-up-facilitation\/#breadcrumb\",\"itemListElement\":[{\"@type\":\"ListItem\",\"position\":1,\"name\":\"Home\",\"item\":\"https:\/\/stayonyourfeet.ca\/\"},{\"@type\":\"ListItem\",\"position\":2,\"name\":\"STAND UP! Facilitation\"}]},{\"@type\":\"WebSite\",\"@id\":\"https:\/\/stayonyourfeet.ca\/fr\/#website\",\"url\":\"https:\/\/stayonyourfeet.ca\/fr\/\",\"name\":\"Stay on Your Feet\",\"description\":\"\",\"potentialAction\":[{\"@type\":\"SearchAction\",\"target\":{\"@type\":\"EntryPoint\",\"urlTemplate\":\"https:\/\/stayonyourfeet.ca\/fr\/?s={search_term_string}\"},\"query-input\":\"required name=search_term_string\"}],\"inLanguage\":\"fr-CA\"}]}<\/script>\n<!-- \/ Yoast SEO plugin. -->","yoast_head_json":{"title":"STAND UP! Facilitation - Stay on Your Feet","robots":{"index":"index","follow":"follow","max-snippet":"max-snippet:-1","max-image-preview":"max-image-preview:large","max-video-preview":"max-video-preview:-1"},"canonical":"https:\/\/stayonyourfeet.ca\/fr\/stand-up-facilitation\/","og_locale":"fr_CA","og_type":"article","og_title":"STAND UP! Facilitation - Stay on Your Feet","og_description":"STAND UP! Stand UP! is a fall prevention exercise class offered over 12 weeks, 2.5 hr\/week. FREE training for those who qualify. STAND UP! Facilitator Guide and Frequently Asked Questions - The information provided below is to support STAND UP! &hellip; Read More","og_url":"https:\/\/stayonyourfeet.ca\/fr\/stand-up-facilitation\/","og_site_name":"Stay on Your Feet","article_modified_time":"2025-03-25T19:17:31+00:00","twitter_card":"summary_large_image","twitter_misc":{"Estimation du temps de lecture":"1 minute"},"schema":{"@context":"https:\/\/schema.org","@graph":[{"@type":"WebPage","@id":"https:\/\/stayonyourfeet.ca\/stand-up-facilitation\/","url":"https:\/\/stayonyourfeet.ca\/stand-up-facilitation\/","name":"STAND UP! Facilitation - Stay on Your Feet","isPartOf":{"@id":"https:\/\/stayonyourfeet.ca\/fr\/#website"},"datePublished":"2023-11-21T18:13:42+00:00","dateModified":"2025-03-25T19:17:31+00:00","breadcrumb":{"@id":"https:\/\/stayonyourfeet.ca\/stand-up-facilitation\/#breadcrumb"},"inLanguage":"fr-CA","potentialAction":[{"@type":"ReadAction","target":["https:\/\/stayonyourfeet.ca\/stand-up-facilitation\/"]}]},{"@type":"BreadcrumbList","@id":"https:\/\/stayonyourfeet.ca\/stand-up-facilitation\/#breadcrumb","itemListElement":[{"@type":"ListItem","position":1,"name":"Home","item":"https:\/\/stayonyourfeet.ca\/"},{"@type":"ListItem","position":2,"name":"STAND UP! Facilitation"}]},{"@type":"WebSite","@id":"https:\/\/stayonyourfeet.ca\/fr\/#website","url":"https:\/\/stayonyourfeet.ca\/fr\/","name":"Stay on Your Feet","description":"","potentialAction":[{"@type":"SearchAction","target":{"@type":"EntryPoint","urlTemplate":"https:\/\/stayonyourfeet.ca\/fr\/?s={search_term_string}"},"query-input":"required name=search_term_string"}],"inLanguage":"fr-CA"}]}},"featured_image_src_large":false,"author_info":{"display_name":"duken","author_link":"https:\/\/stayonyourfeet.ca\/fr\/author\/duken\/"},"comment_info":0,"taxonomy_info":[],"_links":{"self":[{"href":"https:\/\/stayonyourfeet.ca\/fr\/wp-json\/wp\/v2\/pages\/2160"}],"collection":[{"href":"https:\/\/stayonyourfeet.ca\/fr\/wp-json\/wp\/v2\/pages"}],"about":[{"href":"https:\/\/stayonyourfeet.ca\/fr\/wp-json\/wp\/v2\/types\/page"}],"author":[{"embeddable":true,"href":"https:\/\/stayonyourfeet.ca\/fr\/wp-json\/wp\/v2\/users\/4"}],"replies":[{"embeddable":true,"href":"https:\/\/stayonyourfeet.ca\/fr\/wp-json\/wp\/v2\/comments?post=2160"}],"version-history":[{"count":19,"href":"https:\/\/stayonyourfeet.ca\/fr\/wp-json\/wp\/v2\/pages\/2160\/revisions"}],"predecessor-version":[{"id":2481,"href":"https:\/\/stayonyourfeet.ca\/fr\/wp-json\/wp\/v2\/pages\/2160\/revisions\/2481"}],"wp:attachment":[{"href":"https:\/\/stayonyourfeet.ca\/fr\/wp-json\/wp\/v2\/media?parent=2160"}],"curies":[{"name":"wp","href":"https:\/\/api.w.org\/{rel}","templated":true}]}}