{"id":551,"date":"2020-05-01T17:02:44","date_gmt":"2020-05-01T21:02:44","guid":{"rendered":"https:\/\/stayonyourfeet.ca\/?page_id=551"},"modified":"2024-05-07T16:00:30","modified_gmt":"2024-05-07T20:00:30","slug":"resources-for-older-adults-old","status":"publish","type":"page","link":"https:\/\/stayonyourfeet.ca\/fr\/for-service-providers\/resources-for-older-adults-old\/","title":{"rendered":"Resources for Older Adults (old)"},"content":{"rendered":"<div id=\"pl-551\"  class=\"panel-layout\" ><div id=\"sep-pg-551-0\" class=\"panel-grid panel-has-style\" ><div style=\"background-color:#b7b107;opacity: 0;\" class=\"panel-row-style kt-row-style-no-padding siteorigin-panels-stretch kt-panel-row-stretch\" data-stretch-type=\"full\" ><div class=\"inner-sep-content-wrap\"><div id=\"pg-551-0\"  class=\"panel-grid panel-has-style\" ><div class=\"panel-row-style panel-row-style-for-551-0\" ><div id=\"pgc-551-0-0\"  class=\"panel-grid-cell\" >\n\n        <div id=\"panel-551-0-0-0\" class=\"so-panel widget widget_kadence_calltoaction_widget kadence_calltoaction_widget panel-first-child panel-last-child\" data-index=\"0\" ><div class=\"kt-ctaw clearfix\"><h1 class=\"kt-call-to-action-title\" style=\"color:#ffffff; font-size:80px; line-height:1; text-align:center; \"  data-max-size=\"80\" data-min-size=\"40\">Ressources pour les a\u00een\u00e9s<\/h1><h5 class=\"kt-call-to-action-subtitle\" style=\"color:#ffffff; font-size:30px; line-height:1; text-align:center; \"  data-max-size=\"30\" data-min-size=\"20\">Avancez de pied ferme gr\u00e2ce \u00e0 ces ressources utiles!\n<\/h5><\/div><\/div>\n    <\/div><\/div><\/div><div class=\"panel-row-style kt-row-style-no-padding kt_sep_panel sep_three_small_triangle siteorigin-panels-stretch\" data-stretch-type=\"full-stretched\"><div class=\"sep-triangle-bottom left-small\" style=\"border-top-color:#b7b107\"><\/div><div class=\"sep-triangle-bottom\" style=\"border-top-color:#b7b107\"><\/div><div class=\"sep-triangle-bottom right-small\" style=\"border-top-color:#b7b107\"><\/div><\/div><\/div><\/div><\/div><div id=\"pg-551-1\"  class=\"panel-grid panel-has-style\" ><div class=\"siteorigin-panels-stretch panel-row-style panel-row-style-for-551-1\" data-stretch-type=\"full-width-stretch\" ><div id=\"pgc-551-1-0\"  class=\"panel-grid-cell\" >\n                <div id=\"panel-551-1-0-0\" class=\"so-panel widget widget_kadence_split_content_widget kadence_split_content_widget panel-first-child\" data-index=\"1\" ><div class=\"panel-widget-style panel-widget-style-for-551-1-0-0\" >                \t<!-- Image Split -->\n\t<div class=\"kt-image-split\" id=\"kt-image-split-widget-1-0-0\">\n\t\t  <div class=\"row-no-margin\">\n\t\t\t<div class=\"col-md-6 kt-si-imagecol img-ktsi-left kt-animate-fade-in-\t\t\t\t\t\t\t\t\t\t\t\t\t\t\t\t\tright\" style=\"\t\t\tbackground-image:url(https:\/\/stayonyourfeet.ca\/wp-content\/uploads\/2022\/04\/Healthy-aging-toolkit.jpg); background-size:cover; background-position: center center; min-height:300px;\">\n\t\t\t\t  <div class=\"kt-si-table-box\" style=\"height:600px\">\n\t\t\t\t\t  <div class=\"kt-si-cell-box\">\n\t\t\t\t\t\t<div class=\"kt-si-image kt-si-cover-image\" style=\"max-height:600px;\"><\/div>\t\t\t\t\t<\/div>\n\t\t\t\t  <\/div>\n\t\t\t <\/div>\n\t\t\t <div class=\"col-md-6 kt-si-imagecol content-ktsi-left kt-animate-fade-in-left\" \n\t\t\t\t\t\t\t\t\t\t\t\t\t\t\t\t\t\t style=\"background-color:#e2e2e2\"\t\t\t\t>\n\t\t\t\t  <div class=\"kt-si-table-box\" style=\"height:600px\">\n\t\t\t\t\t  <div class=\"kt-si-cell-box\">\n\t\t\t\t\t\t  <div class=\"kt-si-inner-content\" style=\"max-width:500px;  \">\n\t\t\t\t\t\t\t<h2 class=\"kt_imgsplit_title\" style=\"\">Ressources pour les a\u00een\u00e9s<\/h2><div class=\"kt_imgsplit_content\" style=\"\"><p>Vous trouverez ci-dessous plusieurs liens vers des ressources suppl\u00e9mentaires et du contenu vid\u00e9o en fonction des sujets sur lesquels vous souhaitez en savoir plus. Vous pouvez toujours communiquer avec votre bureau de sant\u00e9 local dont les coordonn\u00e9es se trouvent sur la page<\/p>\n<\/div><a href=\"https:\/\/stayonyourfeet.ca\/fr\/contact\/\" target=\"_self\" class=\"kt_imgsplit_btn btn\">Communiquez avec nous<\/a>\t\t\t\t\t\t <\/div>\n\t\t\t\t\t<\/div>\n\t\t\t\t  <\/div>\n\t\t\t<\/div>\n\t\t  <\/div>\n\t<\/div>\n\n\t\n                <\/div><\/div>\n    <div id=\"panel-551-1-0-1\" class=\"so-panel widget widget_text panel-last-child\" data-index=\"2\" ><div class=\"panel-widget-style panel-widget-style-for-551-1-0-1\" >\t\t\t<div class=\"textwidget\"><p><strong>Soins dentaires pour les a\u00een\u00e9s<br \/>\n<\/strong><\/p>\n<table width=\"495\">\n<tbody>\n<tr>\n<td width=\"485\"><a href=\"https:\/\/www.porcupinehu.on.ca\/fr\/votre-famille\/services-dentaires\/dentaires-pour-les-ans\/\">Programme ontarien de soins dentaires pour les a\u00een\u00e9s (POSDA)<\/a><\/td>\n<\/tr>\n<\/tbody>\n<\/table>\n<p>&nbsp;<\/p>\n<p><strong>COVID-19<\/strong><\/p>\n<table width=\"495\">\n<tbody>\n<tr>\n<td width=\"485\"><a href=\"https:\/\/stayonyourfeet.ca\/wp-content\/uploads\/2021\/04\/COVID-19Vaccines-WhatOlderCanadiansNeedtoKnowFinal.pdf\">Vaccins contre la COVID-19 : Ce que les personnes \u00e2g\u00e9es doivent savoir (en anglais seulement)<\/a><\/td>\n<\/tr>\n<\/tbody>\n<\/table>\n<p>&nbsp;<\/p>\n<p><strong>Pr\u00e9vention des chutes\/Vieillissement sain<\/strong><\/p>\n<table style=\"height: 94px;\" width=\"495\">\n<tbody>\n<tr>\n<td width=\"485\"><a href=\"https:\/\/stayonyourfeet.ca\/wp-content\/uploads\/2020\/09\/SOYF-brochure-FR.pdf\">Fiche d\u2019'information \u2013 Avancez de pied ferme<\/a><\/td>\n<\/tr>\n<tr>\n<td width=\"485\"><a href=\"https:\/\/stayonyourfeet.ca\/wp-content\/uploads\/2020\/07\/SOYF-Collage.pdf\">Collage de photos - \u00ab C\u2019e qu\u2019Avancez de pied ferme signifie pour moi \u00bb (en anglais seulement)<\/a><\/td>\n<\/tr>\n<tr>\n<td width=\"485\"><a href=\"https:\/\/stayonyourfeet.ca\/wp-content\/uploads\/2020\/07\/Falls_risk_assessment_tool_FR.pdf\">Auto-\u00e9valuation des risques <\/a><\/td>\n<\/tr>\n<tr>\n<td width=\"485\"><\/td>\n<\/tr>\n<\/tbody>\n<\/table>\n<p>&nbsp;<\/p>\n<p><strong>Soyons actifs \u2013 Information sur l\u2019activit\u00e9 physique<\/strong><\/p>\n<table width=\"0\">\n<tbody>\n<tr>\n<td width=\"485\"><a href=\"https:\/\/stayonyourfeet.ca\/wp-content\/uploads\/2020\/07\/Winter_safety_sheet_FR.pdf\">Avancez de pied ferme \u2013 Brochure sur la s\u00e9curit\u00e9 en hiver<\/a><\/td>\n<\/tr>\n<tr>\n<td width=\"485\"><a href=\"https:\/\/www.youtube.com\/channel\/UCOMO_bx4Y2l0jhkQtfHppQw\">De la soupe aux tomates - Un programme d'exercices pour tous<\/a><\/td>\n<\/tr>\n<tr>\n<td width=\"485\"><a href=\"https:\/\/stayonyourfeet.ca\/wp-content\/uploads\/2021\/02\/Guide-to-Living-Independently-for-Older-Adults-2019Legal-Size-FR-FINAL.pdf\">Guide pour vivre de fa\u00e7on autonome\u00e0 l\u2019intention des a\u00een\u00e9s<\/a><\/td>\n<\/tr>\n<tr>\n<td width=\"485\"><a href=\"https:\/\/www.youtube.com\/watch?v=xO0gxu03WCs\">Exercices \u00e0 l'\u00e9vier de la cuisine Vid\u00e9os You Tube: Partie 1 (en anglais seulement)<\/a><\/td>\n<\/tr>\n<tr>\n<td width=\"485\"><a href=\"https:\/\/www.youtube.com\/watch?v=N4okjAxDvnU\">Exercices \u00e0 l'\u00e9vier de la cuisine Vid\u00e9os You Tube: Partie 2 (en anglais seulement)<\/a><\/td>\n<\/tr>\n<tr>\n<td width=\"485\"><a href=\"https:\/\/stayonyourfeet.ca\/fr\/activity-guide\/\">Programme de pr\u00e9vention des chutes \u00ab PIED \u00bb<\/a><\/td>\n<\/tr>\n<tr>\n<td width=\"485\"><a href=\"https:\/\/csepguidelines.ca\/wp-content\/uploads\/2020\/11\/24HMovementGuidelines-Adults-65-FR.pdf\">Directives canadiennes en mati\u00e8re de mouvement sur 24 h \u2013<\/a> pour les adultes de 65 ans et plus<\/td>\n<\/tr>\n<tr>\n<td width=\"485\"><\/td>\n<\/tr>\n<\/tbody>\n<\/table>\n<p>&nbsp;<\/p>\n<p><strong>Soyons forts \u2013 Alimentation saine <\/strong><\/p>\n<table width=\"0\">\n<tbody>\n<tr>\n<td width=\"439\">Guide alimentaire canadien - <a href=\"https:\/\/guide-alimentaire.canada.ca\/fr\/conseils-pour-alimentation-saine\/aines\/\">Une saine alimentation pour les a\u00een\u00e9s<\/a><\/td>\n<\/tr>\n<tr>\n<td width=\"439\"><a href=\"http:\/\/www.nelhin.on.ca\/~\/media\/sites\/ne\/soyf\/The%20Hidden%20Impact%20of%20a%20Poor%20Diet.pdf\">The Hidden Impact of a Poor Diet (en anglais seulement)<\/a><\/td>\n<\/tr>\n<tr>\n<td width=\"439\"><a href=\"https:\/\/youtu.be\/d9MR6208S7I\">Comment pouvez-vous bien manger? (vid\u00e9o)<\/a><\/td>\n<\/tr>\n<tr>\n<td width=\"439\"><a href=\"https:\/\/stayonyourfeet.ca\/wp-content\/uploads\/2020\/07\/Recipe_cards_web_FR.pdf\">Recettes de d\u00e9jeuners rapides \u00e0 pr\u00e9parer de la strat\u00e9gie Avancez de pied ferme<\/a><\/td>\n<\/tr>\n<\/tbody>\n<\/table>\n<p>&nbsp;<\/p>\n<p><strong>Soyons forts \u2013 Information sur la s\u00e9curit\u00e9<\/strong><\/p>\n<table width=\"0\">\n<tbody>\n<tr>\n<td width=\"481\"><a href=\"https:\/\/www.youtube.com\/watch?v=uhYbaNAkPqY&amp;feature=youtu.be\">Vid\u00e9o sur la pr\u00e9vention des chutes (en anglais seulement)<\/a><\/td>\n<\/tr>\n<tr>\n<td width=\"481\"><a href=\"https:\/\/stayonyourfeet.ca\/wp-content\/uploads\/2020\/07\/Home_safety_checklist_regional_FR_web.pdf\">Liste de v\u00e9rification de la s\u00e9curit\u00e9 \u00e0 domicile<\/a><\/td>\n<\/tr>\n<tr>\n<td width=\"481\"><a href=\"https:\/\/stayonyourfeet.ca\/wp-content\/uploads\/2020\/07\/Winter_safety_sheet_FR.pdf\">Faire de la marche en hiver<\/a><\/td>\n<\/tr>\n<tr>\n<td width=\"481\"><a href=\"https:\/\/stayonyourfeet.ca\/wp-content\/uploads\/2020\/07\/16_What-To-Do-If-You-Fall-Fact-Sheet_FR.pdf\">Que faire en cas de chute?<\/a><\/td>\n<\/tr>\n<\/tbody>\n<\/table>\n<p><strong>\u00a0<\/strong><\/p>\n<p><strong>Soyons forts \u2013 M\u00e9dicaments<\/strong><\/p>\n<table>\n<tbody>\n<tr>\n<td width=\"477\"><a href=\"https:\/\/stayonyourfeet.ca\/wp-content\/uploads\/2020\/07\/MedSafetyPoster-SOYF-FR.pdf\">5 questions \u00e0 poser \u00e0 propos de vos m\u00e9dicaments<\/a><\/td>\n<\/tr>\n<tr>\n<td width=\"477\"><a href=\"https:\/\/youtu.be\/24SKo8iTAqA\">Gestion des m\u00e9dicaments (vid\u00e9o)<\/a><\/td>\n<\/tr>\n<tr>\n<td width=\"477\"><a href=\"https:\/\/stayonyourfeet.ca\/wp-content\/uploads\/2020\/07\/Manage-your-medications-FR-web.pdf\">Fiche d\u2019information sur la s\u00e9curit\u00e9 des m\u00e9dicaments<\/a><\/td>\n<\/tr>\n<\/tbody>\n<\/table>\n<p>&nbsp;<\/p>\n<p><strong>Soyons sociaux \u2013 Rester en contact<\/strong><\/p>\n<p><a href=\"https:\/\/stayonyourfeet.ca\/wp-content\/uploads\/2023\/06\/Cyber-Seniors-Flyer-FR.pdf\">Brochure Cyber Seniors<\/a><\/p>\n<p><strong>Ressources pour les aidants naturels<\/strong><\/p>\n<table>\n<tbody>\n<tr>\n<td width=\"477\"><a href=\"https:\/\/stayonyourfeet.ca\/wp-content\/uploads\/2020\/10\/Compendium-of-Senior-Friendly-Care-Caregiver-Resources.pdf\">Compendium of\u00a0 Senior Friendly\u00a0 Care Caregiver Resources (en anglais)<\/a><\/td>\n<\/tr>\n<\/tbody>\n<\/table>\n<p>&nbsp;<\/p>\n<\/div>\n\t\t<\/div><\/div><\/div><\/div><\/div><div id=\"pg-551-2\"  class=\"panel-grid panel-has-style\"  style=\"margin-bottom: 0px;margin-left: 0px;margin-right: 0px;\" ><div class=\"kt-no-cell-margin siteorigin-panels-stretch panel-row-style panel-row-style-for-551-2\" data-stretch-type=\"full-width-stretch\" ><div id=\"pgc-551-2-0\"  class=\"panel-grid-cell\" ><div id=\"panel-551-2-0-0\" class=\"so-panel widget widget_kadence_imgmenu_widget kadence_imgmenu_widget panel-first-child panel-last-child\" data-index=\"3\" >\t\t\t<div class=\"image-menu-fixed-height image-menu_item kt-img-overlay-widget\">\n\t\t\t    <a href=\"https:\/\/stayonyourfeet.ca\/fr\/category\/active\/\" class=\"image_menu_item_link\" target=\"_self\">\t\t\t        \t                \t\t<div class=\"image_menu-bg-item\" style=\"background: url(https:\/\/stayonyourfeet.ca\/wp-content\/uploads\/2020\/08\/Asset-2-50.jpg) center center no-repeat; height:400px; background-size:cover;\">\n\t\t\t\t        <\/div>\n\t                                \t<div class=\"image_menu_overlay\"><\/div>\n                    <div class=\"image_menu_message  imt-align-center imt-valign-center\">\n                    \t<div class=\"image_menu_message_inner\">\n\t\t\t        \t\t<h4>SOYONS ACTIFS<\/h4><h5>Rester actif aide \u00e0 am\u00e9liorer la flexibilit\u00e9, l\u2019\u00e9quilibre et la force musculaire. \n<\/h5>\t\t\t            <\/div>\n\t\t\t\t    <\/div>\n\t        \t<\/a>\t\t\t<\/div>\n\t\t<\/div><\/div><div id=\"pgc-551-2-1\"  class=\"panel-grid-cell\" ><div id=\"panel-551-2-1-0\" class=\"so-panel widget widget_kadence_imgmenu_widget kadence_imgmenu_widget panel-first-child panel-last-child\" data-index=\"4\" >\t\t\t<div class=\"image-menu-fixed-height image-menu_item kt-img-overlay-widget\">\n\t\t\t    <a href=\"https:\/\/stayonyourfeet.ca\/fr\/category\/social\/\" class=\"image_menu_item_link\" target=\"_self\">\t\t\t        \t                \t\t<div class=\"image_menu-bg-item\" style=\"background: url(https:\/\/stayonyourfeet.ca\/wp-content\/uploads\/2020\/08\/Asset-3-50.jpg) center center no-repeat; height:400px; background-size:cover;\">\n\t\t\t\t        <\/div>\n\t                                \t<div class=\"image_menu_overlay\"><\/div>\n                    <div class=\"image_menu_message  imt-align-center imt-valign-center\">\n                    \t<div class=\"image_menu_message_inner\">\n\t\t\t        \t\t<h4>SOYONS SOCIAUX!<\/h4><h5>Rester social aide \u00e0 \u00e9tablir des relations et \u00e0 am\u00e9liorer la sant\u00e9 mentale.<\/h5>\t\t\t            <\/div>\n\t\t\t\t    <\/div>\n\t        \t<\/a>\t\t\t<\/div>\n\t\t<\/div><\/div><div id=\"pgc-551-2-2\"  class=\"panel-grid-cell\" ><div id=\"panel-551-2-2-0\" class=\"so-panel widget widget_kadence_imgmenu_widget kadence_imgmenu_widget panel-first-child panel-last-child\" data-index=\"5\" >\t\t\t<div class=\"image-menu-fixed-height image-menu_item kt-img-overlay-widget\">\n\t\t\t    <a href=\"https:\/\/stayonyourfeet.ca\/fr\/category\/strong\/\" class=\"image_menu_item_link\" target=\"_self\">\t\t\t        \t                \t\t<div class=\"image_menu-bg-item\" style=\"background: url(https:\/\/stayonyourfeet.ca\/wp-content\/uploads\/2020\/08\/Asset-4-50.jpg) center center no-repeat; height:400px; background-size:cover;\">\n\t\t\t\t        <\/div>\n\t                                \t<div class=\"image_menu_overlay\"><\/div>\n                    <div class=\"image_menu_message  imt-align-center imt-valign-center\">\n                    \t<div class=\"image_menu_message_inner\">\n\t\t\t        \t\t<h4>SOYONS FORTS!<\/h4><h5>Rester fort est une approche holistique visant \u00e0 r\u00e9duire et \u00e0 \u00e9liminer les obstacles au vieillissement en bonne sant\u00e9.<\/h5>\t\t\t            <\/div>\n\t\t\t\t    <\/div>\n\t        \t<\/a>\t\t\t<\/div>\n\t\t<\/div><\/div><\/div><\/div><\/div>","protected":false},"excerpt":{"rendered":"<p>Seniors Dental Care Ontario Seniors Dental Care Program (OSDCP) &nbsp; COVID-19 COVID-19 Vaccines \u2013 What Older Canadians Need to Know &nbsp; Fall Prevention\/Healthy Aging Stay On Your Feet Brochure Photo Collage &#8211; &#8220;What Stay On Your Feet Means To Me&#8221; &hellip; <a class=\"kt-excerpt-readmore more-link\" href=\"https:\/\/stayonyourfeet.ca\/fr\/for-service-providers\/resources-for-older-adults-old\/\" aria-label=\"Resources for Older Adults (old)\">Lire la suite (disponible en anglais seulement).<\/a><\/p>","protected":false},"author":1,"featured_media":0,"parent":117,"menu_order":20,"comment_status":"closed","ping_status":"closed","template":"","meta":{"kt_blocks_editor_width":"","footnotes":""},"yoast_head":"<!-- This site is optimized with the Yoast SEO plugin v20.10 - https:\/\/yoast.com\/wordpress\/plugins\/seo\/ -->\n<title>Resources for Older Adults (old) - Stay on Your Feet<\/title>\n<meta name=\"robots\" content=\"index, follow, max-snippet:-1, max-image-preview:large, max-video-preview:-1\" \/>\n<link rel=\"canonical\" href=\"https:\/\/stayonyourfeet.ca\/fr\/for-service-providers\/resources-for-older-adults-old\/\" \/>\n<meta property=\"og:locale\" content=\"fr_CA\" \/>\n<meta property=\"og:type\" content=\"article\" \/>\n<meta property=\"og:title\" content=\"Resources for Older Adults (old) - Stay on Your Feet\" \/>\n<meta property=\"og:description\" content=\"Seniors Dental Care Ontario Seniors Dental Care Program (OSDCP) &nbsp; COVID-19 COVID-19 Vaccines \u2013 What Older Canadians Need to Know &nbsp; Fall Prevention\/Healthy Aging Stay On Your Feet Brochure Photo Collage - &quot;What Stay On Your Feet Means To Me&quot; &hellip; Read More\" \/>\n<meta property=\"og:url\" content=\"https:\/\/stayonyourfeet.ca\/fr\/for-service-providers\/resources-for-older-adults-old\/\" \/>\n<meta property=\"og:site_name\" content=\"Stay on Your Feet\" \/>\n<meta property=\"article:modified_time\" content=\"2024-05-07T20:00:30+00:00\" \/>\n<meta name=\"twitter:card\" content=\"summary_large_image\" \/>\n<meta name=\"twitter:label1\" content=\"Estimation du temps de lecture\" \/>\n\t<meta name=\"twitter:data1\" content=\"2 minutes\" \/>\n<script type=\"application\/ld+json\" class=\"yoast-schema-graph\">{\"@context\":\"https:\/\/schema.org\",\"@graph\":[{\"@type\":\"WebPage\",\"@id\":\"https:\/\/stayonyourfeet.ca\/for-service-providers\/resources-for-older-adults-old\/\",\"url\":\"https:\/\/stayonyourfeet.ca\/for-service-providers\/resources-for-older-adults-old\/\",\"name\":\"Resources for Older Adults (old) - Stay on Your Feet\",\"isPartOf\":{\"@id\":\"https:\/\/stayonyourfeet.ca\/fr\/#website\"},\"datePublished\":\"2020-05-01T21:02:44+00:00\",\"dateModified\":\"2024-05-07T20:00:30+00:00\",\"breadcrumb\":{\"@id\":\"https:\/\/stayonyourfeet.ca\/for-service-providers\/resources-for-older-adults-old\/#breadcrumb\"},\"inLanguage\":\"fr-CA\",\"potentialAction\":[{\"@type\":\"ReadAction\",\"target\":[\"https:\/\/stayonyourfeet.ca\/for-service-providers\/resources-for-older-adults-old\/\"]}]},{\"@type\":\"BreadcrumbList\",\"@id\":\"https:\/\/stayonyourfeet.ca\/for-service-providers\/resources-for-older-adults-old\/#breadcrumb\",\"itemListElement\":[{\"@type\":\"ListItem\",\"position\":1,\"name\":\"Home\",\"item\":\"https:\/\/stayonyourfeet.ca\/\"},{\"@type\":\"ListItem\",\"position\":2,\"name\":\"For Service Providers\",\"item\":\"https:\/\/stayonyourfeet.ca\/for-service-providers\/\"},{\"@type\":\"ListItem\",\"position\":3,\"name\":\"Resources for Older Adults (old)\"}]},{\"@type\":\"WebSite\",\"@id\":\"https:\/\/stayonyourfeet.ca\/fr\/#website\",\"url\":\"https:\/\/stayonyourfeet.ca\/fr\/\",\"name\":\"Stay on Your Feet\",\"description\":\"\",\"potentialAction\":[{\"@type\":\"SearchAction\",\"target\":{\"@type\":\"EntryPoint\",\"urlTemplate\":\"https:\/\/stayonyourfeet.ca\/fr\/?s={search_term_string}\"},\"query-input\":\"required name=search_term_string\"}],\"inLanguage\":\"fr-CA\"}]}<\/script>\n<!-- \/ Yoast SEO plugin. -->","yoast_head_json":{"title":"Resources for Older Adults (old) - Stay on Your Feet","robots":{"index":"index","follow":"follow","max-snippet":"max-snippet:-1","max-image-preview":"max-image-preview:large","max-video-preview":"max-video-preview:-1"},"canonical":"https:\/\/stayonyourfeet.ca\/fr\/for-service-providers\/resources-for-older-adults-old\/","og_locale":"fr_CA","og_type":"article","og_title":"Resources for Older Adults (old) - Stay on Your Feet","og_description":"Seniors Dental Care Ontario Seniors Dental Care Program (OSDCP) &nbsp; COVID-19 COVID-19 Vaccines \u2013 What Older Canadians Need to Know &nbsp; Fall Prevention\/Healthy Aging Stay On Your Feet Brochure Photo Collage - \"What Stay On Your Feet Means To Me\" &hellip; Read More","og_url":"https:\/\/stayonyourfeet.ca\/fr\/for-service-providers\/resources-for-older-adults-old\/","og_site_name":"Stay on Your Feet","article_modified_time":"2024-05-07T20:00:30+00:00","twitter_card":"summary_large_image","twitter_misc":{"Estimation du temps de lecture":"2 minutes"},"schema":{"@context":"https:\/\/schema.org","@graph":[{"@type":"WebPage","@id":"https:\/\/stayonyourfeet.ca\/for-service-providers\/resources-for-older-adults-old\/","url":"https:\/\/stayonyourfeet.ca\/for-service-providers\/resources-for-older-adults-old\/","name":"Resources for Older Adults (old) - Stay on Your Feet","isPartOf":{"@id":"https:\/\/stayonyourfeet.ca\/fr\/#website"},"datePublished":"2020-05-01T21:02:44+00:00","dateModified":"2024-05-07T20:00:30+00:00","breadcrumb":{"@id":"https:\/\/stayonyourfeet.ca\/for-service-providers\/resources-for-older-adults-old\/#breadcrumb"},"inLanguage":"fr-CA","potentialAction":[{"@type":"ReadAction","target":["https:\/\/stayonyourfeet.ca\/for-service-providers\/resources-for-older-adults-old\/"]}]},{"@type":"BreadcrumbList","@id":"https:\/\/stayonyourfeet.ca\/for-service-providers\/resources-for-older-adults-old\/#breadcrumb","itemListElement":[{"@type":"ListItem","position":1,"name":"Home","item":"https:\/\/stayonyourfeet.ca\/"},{"@type":"ListItem","position":2,"name":"For Service Providers","item":"https:\/\/stayonyourfeet.ca\/for-service-providers\/"},{"@type":"ListItem","position":3,"name":"Resources for Older Adults (old)"}]},{"@type":"WebSite","@id":"https:\/\/stayonyourfeet.ca\/fr\/#website","url":"https:\/\/stayonyourfeet.ca\/fr\/","name":"Stay on Your Feet","description":"","potentialAction":[{"@type":"SearchAction","target":{"@type":"EntryPoint","urlTemplate":"https:\/\/stayonyourfeet.ca\/fr\/?s={search_term_string}"},"query-input":"required name=search_term_string"}],"inLanguage":"fr-CA"}]}},"featured_image_src_large":false,"author_info":{"display_name":"vsgroup","author_link":"https:\/\/stayonyourfeet.ca\/fr\/author\/vsgroup\/"},"comment_info":0,"taxonomy_info":[],"_links":{"self":[{"href":"https:\/\/stayonyourfeet.ca\/fr\/wp-json\/wp\/v2\/pages\/551"}],"collection":[{"href":"https:\/\/stayonyourfeet.ca\/fr\/wp-json\/wp\/v2\/pages"}],"about":[{"href":"https:\/\/stayonyourfeet.ca\/fr\/wp-json\/wp\/v2\/types\/page"}],"author":[{"embeddable":true,"href":"https:\/\/stayonyourfeet.ca\/fr\/wp-json\/wp\/v2\/users\/1"}],"replies":[{"embeddable":true,"href":"https:\/\/stayonyourfeet.ca\/fr\/wp-json\/wp\/v2\/comments?post=551"}],"version-history":[{"count":127,"href":"https:\/\/stayonyourfeet.ca\/fr\/wp-json\/wp\/v2\/pages\/551\/revisions"}],"predecessor-version":[{"id":2303,"href":"https:\/\/stayonyourfeet.ca\/fr\/wp-json\/wp\/v2\/pages\/551\/revisions\/2303"}],"up":[{"embeddable":true,"href":"https:\/\/stayonyourfeet.ca\/fr\/wp-json\/wp\/v2\/pages\/117"}],"wp:attachment":[{"href":"https:\/\/stayonyourfeet.ca\/fr\/wp-json\/wp\/v2\/media?parent=551"}],"curies":[{"name":"wp","href":"https:\/\/api.w.org\/{rel}","templated":true}]}}