{"id":574,"date":"2020-06-02T21:03:40","date_gmt":"2020-06-03T01:03:40","guid":{"rendered":"https:\/\/stayonyourfeet.ca\/?page_id=574"},"modified":"2025-03-25T15:01:03","modified_gmt":"2025-03-25T19:01:03","slug":"did-you-know","status":"publish","type":"page","link":"https:\/\/stayonyourfeet.ca\/fr\/for-service-providers\/did-you-know\/","title":{"rendered":"Le saviez-vous?"},"content":{"rendered":"<div id=\"pl-574\"  class=\"panel-layout\" ><div id=\"sep-pg-574-0\" class=\"panel-grid panel-has-style\" ><div style=\"background-color:#b7b107;opacity: 0;\" class=\"panel-row-style kt-row-style-no-padding siteorigin-panels-stretch kt-panel-row-stretch\" data-stretch-type=\"full\" ><div class=\"inner-sep-content-wrap\"><div id=\"pg-574-0\"  class=\"panel-grid panel-has-style\" ><div class=\"panel-row-style panel-row-style-for-574-0\" ><div id=\"pgc-574-0-0\"  class=\"panel-grid-cell\" >\n\n        <div id=\"panel-574-0-0-0\" class=\"so-panel widget widget_kadence_calltoaction_widget kadence_calltoaction_widget panel-first-child panel-last-child\" data-index=\"0\" ><div class=\"kt-ctaw clearfix\"><h1 class=\"kt-call-to-action-title\" style=\"color:#ffffff; font-size:80px; line-height:1; text-align:center; \"  data-max-size=\"80\" data-min-size=\"40\">Le saviez-vous?<\/h1><h5 class=\"kt-call-to-action-subtitle\" style=\"color:#ffffff; font-size:30px; line-height:1; text-align:center; \"  data-max-size=\"30\" data-min-size=\"20\">Les chutes ne font pas partie du processus normal de vieillissement.<\/h5><\/div><\/div>\n    <\/div><\/div><\/div><div class=\"panel-row-style kt-row-style-no-padding kt_sep_panel sep_three_small_triangle siteorigin-panels-stretch\" data-stretch-type=\"full-stretched\"><div class=\"sep-triangle-bottom left-small\" style=\"border-top-color:#b7b107\"><\/div><div class=\"sep-triangle-bottom\" style=\"border-top-color:#b7b107\"><\/div><div class=\"sep-triangle-bottom right-small\" style=\"border-top-color:#b7b107\"><\/div><\/div><\/div><\/div><\/div><div id=\"pg-574-1\"  class=\"panel-grid panel-has-style\" ><div class=\"siteorigin-panels-stretch panel-row-style panel-row-style-for-574-1\" data-stretch-type=\"full-width-stretch\" ><div id=\"pgc-574-1-0\"  class=\"panel-grid-cell\" >\n                <div id=\"panel-574-1-0-0\" class=\"so-panel widget widget_kadence_split_content_widget kadence_split_content_widget panel-first-child\" data-index=\"1\" ><div class=\"panel-widget-style panel-widget-style-for-574-1-0-0\" >                \t<!-- Image Split -->\n\t<div class=\"kt-image-split\" id=\"kt-image-split-widget-1-0-0\">\n\t\t  <div class=\"row-no-margin\">\n\t\t\t<div class=\"col-md-6 kt-si-imagecol img-ktsi-right kt-animate-fade-in-\t\t\t\t\t\t\t\t\t\t\t\t\t\t\t\t\tleft\" style=\"\t\t\tbackground-image:url(https:\/\/stayonyourfeet.ca\/wp-content\/uploads\/2022\/04\/Did-you-know_Image-1.jpg); background-size:cover; background-position: center center; min-height:350px;\">\n\t\t\t\t  <div class=\"kt-si-table-box\" style=\"height:700px\">\n\t\t\t\t\t  <div class=\"kt-si-cell-box\">\n\t\t\t\t\t\t<div class=\"kt-si-image kt-si-cover-image\" style=\"max-height:700px;\"><\/div>\t\t\t\t\t<\/div>\n\t\t\t\t  <\/div>\n\t\t\t <\/div>\n\t\t\t <div class=\"col-md-6 kt-si-imagecol content-ktsi-right kt-animate-fade-in-right\" \n\t\t\t\t\t\t\t\t\t\t\t\t\t\t\t\t\t\t style=\"background-color:#e2e2e2\"\t\t\t\t>\n\t\t\t\t  <div class=\"kt-si-table-box\" style=\"height:700px\">\n\t\t\t\t\t  <div class=\"kt-si-cell-box\">\n\t\t\t\t\t\t  <div class=\"kt-si-inner-content\" style=\"max-width:500px;  \">\n\t\t\t\t\t\t\t<h2 class=\"kt_imgsplit_title\" style=\"\">Le saviez-vous?<\/h2><div class=\"kt_imgsplit_content\" style=\"\"><p>Les chutes ne sont pas une cons\u00e9quence normale du vieillissement; elles sont plut\u00f4t attribuables \u00e0 plusieurs facteurs li\u00e9s \u00e0 l\u2019\u00e2ge, comme la perte de la force musculaire et de l\u2019\u00e9quilibre.<\/p>\n<\/div><a href=\"https:\/\/stayonyourfeet.ca\/fr\/contact\/\" target=\"_self\" class=\"kt_imgsplit_btn btn\">Communiquez avec nous<\/a>\t\t\t\t\t\t <\/div>\n\t\t\t\t\t<\/div>\n\t\t\t\t  <\/div>\n\t\t\t<\/div>\n\t\t  <\/div>\n\t<\/div>\n\n\t\n                <\/div><\/div>\n    <div id=\"panel-574-1-0-1\" class=\"so-panel widget widget_text\" data-index=\"2\" ><div class=\"panel-widget-style panel-widget-style-for-574-1-0-1\" >\t\t\t<div class=\"textwidget\"><p><strong>Les chutes ne font pas partie du processus normal de vieillissement.<\/strong><br \/>\nLes chutes ne sont pas une cons\u00e9quence normale du vieillissement; elles sont plut\u00f4t attribuables \u00e0 plusieurs facteurs li\u00e9s \u00e0 l\u2019\u00e2ge, comme la perte de la force musculaire et de l\u2019\u00e9quilibre.<\/p>\n<p><strong>La plupart des chutes sont caus\u00e9es par des facteurs li\u00e9s \u00e0 la sant\u00e9 ou au mode de vie.<\/strong><br \/>\nL\u2019am\u00e9lioration de la force et de l\u2019\u00e9quilibre au moyen de l\u2019activit\u00e9 physique peut r\u00e9duire le risque de chute.<\/p>\n<p><strong>Les chutes peuvent causer des blessures et r\u00e9duire la mobilit\u00e9 et l\u2019autonomie.<\/strong><br \/>\nApportez des modifications \u00e0 votre environnement \u00e0 domicile, comme installer des rampes et des barres d\u2019appui, am\u00e9liorer l\u2019\u00e9clairage et retirer les objets pouvant repr\u00e9senter un risque de chute.<\/p>\n<p><strong>La plupart des chutes sont pr\u00e9visibles et \u00e9vitables<\/strong><br \/>\nUn examen des m\u00e9dicaments que vous prenez peut r\u00e9duire les chutes et les blessures caus\u00e9es par les effets secondaires des m\u00e9dicaments.<\/p>\n<p><a href=\"https:\/\/www.mcmasteroptimalaging.org\/blog\/-in-category\/categories\/healthy-aging-practice\/fall-and-injury-prevention\" target=\"_blank\" rel=\"noopener\"><strong>Pour obtenir d\u2019autres conseils et renseignements afin de pr\u00e9venir les chutes, consultez ces excellents articles de blogues (en anglais seulement).<\/strong><\/a><\/p>\n<\/div>\n\t\t<\/div><\/div><div id=\"panel-574-1-0-2\" class=\"so-panel widget widget_text panel-last-child\" data-index=\"3\" ><div class=\"panel-widget-style panel-widget-style-for-574-1-0-2\" >\t\t\t<div class=\"textwidget\"><h1>Vieillir en bonne sant\u00e9 - vivez votre meilleure vie<\/h1>\n<p class=\"x_MsoNormal\"><span class=\"x_e24kjd\">Nous vivons plus longtemps et le nombre de personnes \u00e2g\u00e9es dans notre communaut\u00e9 augmente. C\u2019est une bonne nouvelle. Notre esprit et notre corps changent avec l\u2019\u00e2ge. La strat\u00e9gie Avancez de pied ferme propose des moyens de rester fort, de rester actif, de rester social et de vivre votre meilleure vie en vieillissant.\u00a0\u00a0 <\/span><\/p>\n<p class=\"x_MsoNormal\"><strong><span class=\"x_e24kjd\">Avancez de pied ferme <\/span><\/strong><\/p>\n<p class=\"x_MsoNormal\"><span class=\"x_e24kjd\">Stay on Your Feet is a regional strategy aimed at improving the quality of life for older adults across northeastern Ontario.\u00a0 Funded by the Ontario Health North East and in partnership with the five public health units, SOYF works with a multitude of partners in five key areas:<\/span><\/p>\n<ol>\n<li class=\"x_MsoListParagraph\"><span class=\"x_e24kjd\">Renforcer l\u2019action communautaire \u2013 les personnes \u00e2g\u00e9es et les partenaires \u00e9tablissent des priorit\u00e9s et orientations. <\/span><\/li>\n<li class=\"x_MsoListParagraph\"><span class=\"x_e24kjd\">D\u00e9velopper des comp\u00e9tences personnelles - les personnes \u00e2g\u00e9es ont des options pour am\u00e9liorer leur sant\u00e9.<\/span><\/li>\n<li class=\"x_MsoListParagraph\"><span class=\"x_e24kjd\">Cr\u00e9er des environnements favorables \u2013 les communaut\u00e9s et les services renforcent les options favorables \u00e0 la sant\u00e9 pour les personnes \u00e2g\u00e9es.<\/span><\/li>\n<li class=\"x_MsoListParagraph\"><span class=\"x_e24kjd\">\u00c9laborer des politiques publiques favorables \u00e0 la sant\u00e9 \u2013 les organisations, les gouvernements locaux et provinciaux aident les personnes \u00e2g\u00e9es \u00e0 rester en bonne sant\u00e9 et autonomes gr\u00e2ce \u00e0 des politiques qui favorisent la sant\u00e9.<\/span><\/li>\n<li class=\"x_MsoListParagraph\"><span class=\"x_e24kjd\">R\u00e9orienter les services (de sant\u00e9) \u2013 chacun fait sa part pour permettre \u00e0 tous de vieillir en bonne sant\u00e9.<\/span><\/li>\n<\/ol>\n<p class=\"x_MsoNormal\"><em><span class=\"x_e24kjd\">\u00ab Il faut une communaut\u00e9\u2026 \u00bb \u00bb<\/span><\/em><\/p>\n<\/div>\n\t\t<\/div><\/div><\/div><\/div><\/div><div id=\"pg-574-2\"  class=\"panel-grid panel-has-style\"  style=\"margin-bottom: 0px;margin-left: 0px;margin-right: 0px;\" ><div class=\"kt-no-cell-margin siteorigin-panels-stretch panel-row-style panel-row-style-for-574-2\" data-stretch-type=\"full-width-stretch\" ><div id=\"pgc-574-2-0\"  class=\"panel-grid-cell\" ><div id=\"panel-574-2-0-0\" class=\"so-panel widget widget_kadence_imgmenu_widget kadence_imgmenu_widget panel-first-child panel-last-child\" data-index=\"4\" >\t\t\t<div class=\"image-menu-fixed-height image-menu_item kt-img-overlay-widget\">\n\t\t\t    <a href=\"https:\/\/stayonyourfeet.ca\/fr\/category\/active\/\" class=\"image_menu_item_link\" target=\"_self\">\t\t\t        \t                \t\t<div class=\"image_menu-bg-item\" style=\"background: url(https:\/\/stayonyourfeet.ca\/wp-content\/uploads\/2020\/08\/Asset-2-50.jpg) center center no-repeat; height:400px; background-size:cover;\">\n\t\t\t\t        <\/div>\n\t                                \t<div class=\"image_menu_overlay\"><\/div>\n                    <div class=\"image_menu_message  imt-align-center imt-valign-center\">\n                    \t<div class=\"image_menu_message_inner\">\n\t\t\t        \t\t<h4>SOYONS ACTIFS<\/h4><h5>Rester actif aide \u00e0 am\u00e9liorer la flexibilit\u00e9, l\u2019\u00e9quilibre et la force musculaire. \n<\/h5>\t\t\t            <\/div>\n\t\t\t\t    <\/div>\n\t        \t<\/a>\t\t\t<\/div>\n\t\t<\/div><\/div><div id=\"pgc-574-2-1\"  class=\"panel-grid-cell\" ><div id=\"panel-574-2-1-0\" class=\"so-panel widget widget_kadence_imgmenu_widget kadence_imgmenu_widget panel-first-child panel-last-child\" data-index=\"5\" >\t\t\t<div class=\"image-menu-fixed-height image-menu_item kt-img-overlay-widget\">\n\t\t\t    <a href=\"https:\/\/stayonyourfeet.ca\/fr\/category\/social\/\" class=\"image_menu_item_link\" target=\"_self\">\t\t\t        \t                \t\t<div class=\"image_menu-bg-item\" style=\"background: url(https:\/\/stayonyourfeet.ca\/wp-content\/uploads\/2020\/08\/Asset-3-50.jpg) center center no-repeat; height:400px; background-size:cover;\">\n\t\t\t\t        <\/div>\n\t                                \t<div class=\"image_menu_overlay\"><\/div>\n                    <div class=\"image_menu_message  imt-align-center imt-valign-center\">\n                    \t<div class=\"image_menu_message_inner\">\n\t\t\t        \t\t<h4>SOYONS SOCIAUX!<\/h4><h5>Rester social aide \u00e0 \u00e9tablir des relations et \u00e0 am\u00e9liorer la sant\u00e9 mentale.<\/h5>\t\t\t            <\/div>\n\t\t\t\t    <\/div>\n\t        \t<\/a>\t\t\t<\/div>\n\t\t<\/div><\/div><div id=\"pgc-574-2-2\"  class=\"panel-grid-cell\" ><div id=\"panel-574-2-2-0\" class=\"so-panel widget widget_kadence_imgmenu_widget kadence_imgmenu_widget panel-first-child panel-last-child\" data-index=\"6\" >\t\t\t<div class=\"image-menu-fixed-height image-menu_item kt-img-overlay-widget\">\n\t\t\t    <a href=\"https:\/\/stayonyourfeet.ca\/fr\/category\/strong\/\" class=\"image_menu_item_link\" target=\"_self\">\t\t\t        \t                \t\t<div class=\"image_menu-bg-item\" style=\"background: url(https:\/\/stayonyourfeet.ca\/wp-content\/uploads\/2020\/08\/Asset-4-50.jpg) center center no-repeat; height:400px; background-size:cover;\">\n\t\t\t\t        <\/div>\n\t                                \t<div class=\"image_menu_overlay\"><\/div>\n                    <div class=\"image_menu_message  imt-align-center imt-valign-center\">\n                    \t<div class=\"image_menu_message_inner\">\n\t\t\t        \t\t<h4>SOYONS FORTS!<\/h4><h5>Rester fort est une approche holistique visant \u00e0 r\u00e9duire et \u00e0 \u00e9liminer les obstacles au vieillissement en bonne sant\u00e9.<\/h5>\t\t\t            <\/div>\n\t\t\t\t    <\/div>\n\t        \t<\/a>\t\t\t<\/div>\n\t\t<\/div><\/div><\/div><\/div><\/div>","protected":false},"excerpt":{"rendered":"<p>Falling is not a normal part of aging Falling is not a natural consequence of aging, but is the result of several age-related factors such as loss of muscle strength and balance. Most falls are due to health or lifestyle &hellip; <a class=\"kt-excerpt-readmore more-link\" href=\"https:\/\/stayonyourfeet.ca\/fr\/for-service-providers\/did-you-know\/\" aria-label=\"Le saviez-vous?\">Lire la suite (disponible en anglais seulement).<\/a><\/p>","protected":false},"author":1,"featured_media":0,"parent":117,"menu_order":10,"comment_status":"closed","ping_status":"closed","template":"","meta":{"kt_blocks_editor_width":"","footnotes":""},"yoast_head":"<!-- This site is optimized with the Yoast SEO plugin v20.10 - https:\/\/yoast.com\/wordpress\/plugins\/seo\/ -->\n<title>Did You Know? - Stay on Your Feet<\/title>\n<meta name=\"robots\" content=\"index, follow, max-snippet:-1, max-image-preview:large, max-video-preview:-1\" \/>\n<link rel=\"canonical\" href=\"https:\/\/stayonyourfeet.ca\/fr\/for-service-providers\/did-you-know\/\" \/>\n<meta property=\"og:locale\" content=\"fr_CA\" \/>\n<meta property=\"og:type\" content=\"article\" \/>\n<meta property=\"og:title\" content=\"Did You Know? - Stay on Your Feet\" \/>\n<meta property=\"og:description\" content=\"Falling is not a normal part of aging Falling is not a natural consequence of aging, but is the result of several age-related factors such as loss of muscle strength and balance. Most falls are due to health or lifestyle &hellip; Read More\" \/>\n<meta property=\"og:url\" content=\"https:\/\/stayonyourfeet.ca\/fr\/for-service-providers\/did-you-know\/\" \/>\n<meta property=\"og:site_name\" content=\"Stay on Your Feet\" \/>\n<meta property=\"article:modified_time\" content=\"2025-03-25T19:01:03+00:00\" \/>\n<meta name=\"twitter:card\" content=\"summary_large_image\" \/>\n<meta name=\"twitter:label1\" content=\"Estimation du temps de lecture\" \/>\n\t<meta name=\"twitter:data1\" content=\"2 minutes\" \/>\n<script type=\"application\/ld+json\" class=\"yoast-schema-graph\">{\"@context\":\"https:\/\/schema.org\",\"@graph\":[{\"@type\":\"WebPage\",\"@id\":\"https:\/\/stayonyourfeet.ca\/for-service-providers\/did-you-know\/\",\"url\":\"https:\/\/stayonyourfeet.ca\/for-service-providers\/did-you-know\/\",\"name\":\"Did You Know? - Stay on Your Feet\",\"isPartOf\":{\"@id\":\"https:\/\/stayonyourfeet.ca\/fr\/#website\"},\"datePublished\":\"2020-06-03T01:03:40+00:00\",\"dateModified\":\"2025-03-25T19:01:03+00:00\",\"breadcrumb\":{\"@id\":\"https:\/\/stayonyourfeet.ca\/for-service-providers\/did-you-know\/#breadcrumb\"},\"inLanguage\":\"fr-CA\",\"potentialAction\":[{\"@type\":\"ReadAction\",\"target\":[\"https:\/\/stayonyourfeet.ca\/for-service-providers\/did-you-know\/\"]}]},{\"@type\":\"BreadcrumbList\",\"@id\":\"https:\/\/stayonyourfeet.ca\/for-service-providers\/did-you-know\/#breadcrumb\",\"itemListElement\":[{\"@type\":\"ListItem\",\"position\":1,\"name\":\"Home\",\"item\":\"https:\/\/stayonyourfeet.ca\/\"},{\"@type\":\"ListItem\",\"position\":2,\"name\":\"For Service Providers\",\"item\":\"https:\/\/stayonyourfeet.ca\/for-service-providers\/\"},{\"@type\":\"ListItem\",\"position\":3,\"name\":\"Did You Know?\"}]},{\"@type\":\"WebSite\",\"@id\":\"https:\/\/stayonyourfeet.ca\/fr\/#website\",\"url\":\"https:\/\/stayonyourfeet.ca\/fr\/\",\"name\":\"Stay on Your Feet\",\"description\":\"\",\"potentialAction\":[{\"@type\":\"SearchAction\",\"target\":{\"@type\":\"EntryPoint\",\"urlTemplate\":\"https:\/\/stayonyourfeet.ca\/fr\/?s={search_term_string}\"},\"query-input\":\"required name=search_term_string\"}],\"inLanguage\":\"fr-CA\"}]}<\/script>\n<!-- \/ Yoast SEO plugin. -->","yoast_head_json":{"title":"Did You Know? - Stay on Your Feet","robots":{"index":"index","follow":"follow","max-snippet":"max-snippet:-1","max-image-preview":"max-image-preview:large","max-video-preview":"max-video-preview:-1"},"canonical":"https:\/\/stayonyourfeet.ca\/fr\/for-service-providers\/did-you-know\/","og_locale":"fr_CA","og_type":"article","og_title":"Did You Know? - Stay on Your Feet","og_description":"Falling is not a normal part of aging Falling is not a natural consequence of aging, but is the result of several age-related factors such as loss of muscle strength and balance. Most falls are due to health or lifestyle &hellip; Read More","og_url":"https:\/\/stayonyourfeet.ca\/fr\/for-service-providers\/did-you-know\/","og_site_name":"Stay on Your Feet","article_modified_time":"2025-03-25T19:01:03+00:00","twitter_card":"summary_large_image","twitter_misc":{"Estimation du temps de lecture":"2 minutes"},"schema":{"@context":"https:\/\/schema.org","@graph":[{"@type":"WebPage","@id":"https:\/\/stayonyourfeet.ca\/for-service-providers\/did-you-know\/","url":"https:\/\/stayonyourfeet.ca\/for-service-providers\/did-you-know\/","name":"Did You Know? - Stay on Your Feet","isPartOf":{"@id":"https:\/\/stayonyourfeet.ca\/fr\/#website"},"datePublished":"2020-06-03T01:03:40+00:00","dateModified":"2025-03-25T19:01:03+00:00","breadcrumb":{"@id":"https:\/\/stayonyourfeet.ca\/for-service-providers\/did-you-know\/#breadcrumb"},"inLanguage":"fr-CA","potentialAction":[{"@type":"ReadAction","target":["https:\/\/stayonyourfeet.ca\/for-service-providers\/did-you-know\/"]}]},{"@type":"BreadcrumbList","@id":"https:\/\/stayonyourfeet.ca\/for-service-providers\/did-you-know\/#breadcrumb","itemListElement":[{"@type":"ListItem","position":1,"name":"Home","item":"https:\/\/stayonyourfeet.ca\/"},{"@type":"ListItem","position":2,"name":"For Service Providers","item":"https:\/\/stayonyourfeet.ca\/for-service-providers\/"},{"@type":"ListItem","position":3,"name":"Did You Know?"}]},{"@type":"WebSite","@id":"https:\/\/stayonyourfeet.ca\/fr\/#website","url":"https:\/\/stayonyourfeet.ca\/fr\/","name":"Stay on Your Feet","description":"","potentialAction":[{"@type":"SearchAction","target":{"@type":"EntryPoint","urlTemplate":"https:\/\/stayonyourfeet.ca\/fr\/?s={search_term_string}"},"query-input":"required name=search_term_string"}],"inLanguage":"fr-CA"}]}},"featured_image_src_large":false,"author_info":{"display_name":"vsgroup","author_link":"https:\/\/stayonyourfeet.ca\/fr\/author\/vsgroup\/"},"comment_info":0,"taxonomy_info":[],"_links":{"self":[{"href":"https:\/\/stayonyourfeet.ca\/fr\/wp-json\/wp\/v2\/pages\/574"}],"collection":[{"href":"https:\/\/stayonyourfeet.ca\/fr\/wp-json\/wp\/v2\/pages"}],"about":[{"href":"https:\/\/stayonyourfeet.ca\/fr\/wp-json\/wp\/v2\/types\/page"}],"author":[{"embeddable":true,"href":"https:\/\/stayonyourfeet.ca\/fr\/wp-json\/wp\/v2\/users\/1"}],"replies":[{"embeddable":true,"href":"https:\/\/stayonyourfeet.ca\/fr\/wp-json\/wp\/v2\/comments?post=574"}],"version-history":[{"count":19,"href":"https:\/\/stayonyourfeet.ca\/fr\/wp-json\/wp\/v2\/pages\/574\/revisions"}],"predecessor-version":[{"id":2475,"href":"https:\/\/stayonyourfeet.ca\/fr\/wp-json\/wp\/v2\/pages\/574\/revisions\/2475"}],"up":[{"embeddable":true,"href":"https:\/\/stayonyourfeet.ca\/fr\/wp-json\/wp\/v2\/pages\/117"}],"wp:attachment":[{"href":"https:\/\/stayonyourfeet.ca\/fr\/wp-json\/wp\/v2\/media?parent=574"}],"curies":[{"name":"wp","href":"https:\/\/api.w.org\/{rel}","templated":true}]}}