{"id":593,"date":"2020-06-02T21:14:36","date_gmt":"2020-06-03T01:14:36","guid":{"rendered":"https:\/\/stayonyourfeet.ca\/?page_id=593"},"modified":"2025-03-25T14:42:22","modified_gmt":"2025-03-25T18:42:22","slug":"fact-sheets","status":"publish","type":"page","link":"https:\/\/stayonyourfeet.ca\/fr\/for-service-providers\/resources-for-older-adults-old\/fact-sheets\/","title":{"rendered":"Fiches d\u2019information"},"content":{"rendered":"<div id=\"pl-593\"  class=\"panel-layout\" ><div id=\"sep-pg-593-0\" class=\"panel-grid panel-has-style\" ><div style=\"background-color:#b7b107;opacity: 0;\" class=\"panel-row-style kt-row-style-no-padding siteorigin-panels-stretch kt-panel-row-stretch\" data-stretch-type=\"full\" ><div class=\"inner-sep-content-wrap\"><div id=\"pg-593-0\"  class=\"panel-grid panel-has-style\" ><div class=\"panel-row-style panel-row-style-for-593-0\" ><div id=\"pgc-593-0-0\"  class=\"panel-grid-cell\" >\n\n        <div id=\"panel-593-0-0-0\" class=\"so-panel widget widget_kadence_calltoaction_widget kadence_calltoaction_widget panel-first-child panel-last-child\" data-index=\"0\" ><div class=\"kt-ctaw clearfix\"><h1 class=\"kt-call-to-action-title\" style=\"color:#ffffff; font-size:80px; line-height:1; text-align:center; \"  data-max-size=\"80\" data-min-size=\"40\">Fiches d\u2019information<\/h1><h5 class=\"kt-call-to-action-subtitle\" style=\"color:#ffffff; font-size:30px; line-height:1; text-align:center; \"  data-max-size=\"30\" data-min-size=\"20\">Comment devenir plus social, rester actif et \u00eatre fort!<\/h5><\/div><\/div>\n    <\/div><\/div><\/div><div class=\"panel-row-style kt-row-style-no-padding kt_sep_panel sep_three_small_triangle siteorigin-panels-stretch\" data-stretch-type=\"full-stretched\"><div class=\"sep-triangle-bottom left-small\" style=\"border-top-color:#b7b107\"><\/div><div class=\"sep-triangle-bottom\" style=\"border-top-color:#b7b107\"><\/div><div class=\"sep-triangle-bottom right-small\" style=\"border-top-color:#b7b107\"><\/div><\/div><\/div><\/div><\/div><div id=\"pg-593-1\"  class=\"panel-grid panel-has-style\" ><div class=\"siteorigin-panels-stretch panel-row-style panel-row-style-for-593-1\" data-stretch-type=\"full-width-stretch\" ><div id=\"pgc-593-1-0\"  class=\"panel-grid-cell\" >\n                <div id=\"panel-593-1-0-0\" class=\"so-panel widget widget_kadence_split_content_widget kadence_split_content_widget panel-first-child\" data-index=\"1\" ><div class=\"panel-widget-style panel-widget-style-for-593-1-0-0\" >                \t<!-- Image Split -->\n\t<div class=\"kt-image-split\" id=\"kt-image-split-widget-1-0-0\">\n\t\t  <div class=\"row-no-margin\">\n\t\t\t<div class=\"col-md-6 kt-si-imagecol img-ktsi-left kt-animate-fade-in-\t\t\t\t\t\t\t\t\t\t\t\t\t\t\t\t\tright\" style=\"\t\t\tbackground-image:url(https:\/\/stayonyourfeet.ca\/wp-content\/uploads\/2022\/04\/Face-Sheets-Image.jpg); background-size:cover; background-position: center center; min-height:300px;\">\n\t\t\t\t  <div class=\"kt-si-table-box\" style=\"height:600px\">\n\t\t\t\t\t  <div class=\"kt-si-cell-box\">\n\t\t\t\t\t\t<div class=\"kt-si-image kt-si-cover-image\" style=\"max-height:600px;\"><\/div>\t\t\t\t\t<\/div>\n\t\t\t\t  <\/div>\n\t\t\t <\/div>\n\t\t\t <div class=\"col-md-6 kt-si-imagecol content-ktsi-left kt-animate-fade-in-left\" \n\t\t\t\t\t\t\t\t\t\t\t\t\t\t\t\t\t\t style=\"background-color:#e2e2e2\"\t\t\t\t>\n\t\t\t\t  <div class=\"kt-si-table-box\" style=\"height:600px\">\n\t\t\t\t\t  <div class=\"kt-si-cell-box\">\n\t\t\t\t\t\t  <div class=\"kt-si-inner-content\" style=\"max-width:500px;  \">\n\t\t\t\t\t\t\t<h2 class=\"kt_imgsplit_title\" style=\"\">Fiches d\u2019information<\/h2><div class=\"kt_imgsplit_content\" style=\"\"><p>Nous avons rassembl\u00e9 diverses ressources pour vous aider \u00e0 vieillir en sant\u00e9 et \u00e0 apporter certaines am\u00e9liorations \u00e0 votre mode de vie.<\/p>\n<\/div><a href=\"https:\/\/stayonyourfeet.ca\/fr\/contact\/\" target=\"_self\" class=\"kt_imgsplit_btn btn\">Communiquez avec nous<\/a>\t\t\t\t\t\t <\/div>\n\t\t\t\t\t<\/div>\n\t\t\t\t  <\/div>\n\t\t\t<\/div>\n\t\t  <\/div>\n\t<\/div>\n\n\t\n                <\/div><\/div>\n    <div id=\"panel-593-1-0-1\" class=\"so-panel widget widget_text panel-last-child\" data-index=\"2\" ><div class=\"panel-widget-style panel-widget-style-for-593-1-0-1\" >\t\t\t<div class=\"textwidget\"><p><strong>Fiches d\u2019information<\/strong><\/p>\n<hr \/>\n<table role=\"presentation\">\n<tbody>\n<tr>\n<td width=\"473\"><strong><a href=\"https:\/\/stayonyourfeet.ca\/wp-content\/uploads\/2025\/03\/Lets_be_active_factsheet_2025_FR.pdf\">Soyons Actifs<\/a><\/strong><\/p>\n<p>Choisissez des activit\u00e9s qui augmentent la force musculaire de vos jambes et du haut de votre corps et qui am\u00e9liorent votre \u00e9quilibre, votre posture et votre endurance.<\/p>\n<hr style=\"border: 1px solid#05968E;\" \/>\n<\/td>\n<\/tr>\n<tr>\n<td width=\"473\"><strong><a href=\"https:\/\/stayonyourfeet.ca\/wp-content\/uploads\/2025\/03\/Lets_be_social_factsheet_2025_FR.pdf\">Soyons Sociaux<\/a><\/strong><\/p>\n<p>Garder des rapports sociaux permet de cr\u00e9er des liens et d\u2019am\u00e9liorer votre sant\u00e9 mentale<\/p>\n<hr style=\"border: 1px solid#05968E;\" \/>\n<\/td>\n<\/tr>\n<tr>\n<td width=\"473\"><strong><a href=\"https:\/\/stayonyourfeet.ca\/wp-content\/uploads\/2025\/03\/Lets_be_strong_factsheet_2025_FR.pdf\">Soyons Forts<\/a><\/strong><\/p>\n<p>Rester fort est une approche holistique visant \u00e0 r\u00e9duire et \u00e0 \u00e9liminer les obstacles au vieillissement en bonne sant\u00e9.<\/p>\n<hr style=\"border: 1px solid#05968E;\" \/>\n<\/td>\n<\/tr>\n<\/tbody>\n<\/table>\n<\/div>\n\t\t<\/div><\/div><\/div><\/div><\/div><div id=\"pg-593-2\"  class=\"panel-grid panel-has-style\"  style=\"margin-bottom: 0px;margin-left: 0px;margin-right: 0px;\" ><div class=\"kt-no-cell-margin siteorigin-panels-stretch panel-row-style panel-row-style-for-593-2\" data-stretch-type=\"full-width-stretch\" ><div id=\"pgc-593-2-0\"  class=\"panel-grid-cell\" ><div id=\"panel-593-2-0-0\" class=\"so-panel widget widget_kadence_imgmenu_widget kadence_imgmenu_widget panel-first-child panel-last-child\" data-index=\"3\" >\t\t\t<div class=\"image-menu-fixed-height image-menu_item kt-img-overlay-widget\">\n\t\t\t    <a href=\"https:\/\/stayonyourfeet.ca\/fr\/category\/active\/\" class=\"image_menu_item_link\" target=\"_self\">\t\t\t        \t                \t\t<div class=\"image_menu-bg-item\" style=\"background: url(https:\/\/stayonyourfeet.ca\/wp-content\/uploads\/2020\/08\/Asset-2-50.jpg) center center no-repeat; height:400px; background-size:cover;\">\n\t\t\t\t        <\/div>\n\t                                \t<div class=\"image_menu_overlay\"><\/div>\n                    <div class=\"image_menu_message  imt-align-center imt-valign-center\">\n                    \t<div class=\"image_menu_message_inner\">\n\t\t\t        \t\t<h4>SOYONS ACTIFS<\/h4><h5>Rester actif aide \u00e0 am\u00e9liorer la flexibilit\u00e9, l\u2019\u00e9quilibre et la force musculaire. \n<\/h5>\t\t\t            <\/div>\n\t\t\t\t    <\/div>\n\t        \t<\/a>\t\t\t<\/div>\n\t\t<\/div><\/div><div id=\"pgc-593-2-1\"  class=\"panel-grid-cell\" ><div id=\"panel-593-2-1-0\" class=\"so-panel widget widget_kadence_imgmenu_widget kadence_imgmenu_widget panel-first-child panel-last-child\" data-index=\"4\" >\t\t\t<div class=\"image-menu-fixed-height image-menu_item kt-img-overlay-widget\">\n\t\t\t    <a href=\"https:\/\/stayonyourfeet.ca\/fr\/category\/social\/\" class=\"image_menu_item_link\" target=\"_self\">\t\t\t        \t                \t\t<div class=\"image_menu-bg-item\" style=\"background: url(https:\/\/stayonyourfeet.ca\/wp-content\/uploads\/2020\/08\/Asset-3-50.jpg) center center no-repeat; height:400px; background-size:cover;\">\n\t\t\t\t        <\/div>\n\t                                \t<div class=\"image_menu_overlay\"><\/div>\n                    <div class=\"image_menu_message  imt-align-center imt-valign-center\">\n                    \t<div class=\"image_menu_message_inner\">\n\t\t\t        \t\t<h4>SOYONS SOCIAUX!<\/h4><h5>Rester social aide \u00e0 \u00e9tablir des relations et \u00e0 am\u00e9liorer la sant\u00e9 mentale.<\/h5>\t\t\t            <\/div>\n\t\t\t\t    <\/div>\n\t        \t<\/a>\t\t\t<\/div>\n\t\t<\/div><\/div><div id=\"pgc-593-2-2\"  class=\"panel-grid-cell\" ><div id=\"panel-593-2-2-0\" class=\"so-panel widget widget_kadence_imgmenu_widget kadence_imgmenu_widget panel-first-child panel-last-child\" data-index=\"5\" >\t\t\t<div class=\"image-menu-fixed-height image-menu_item kt-img-overlay-widget\">\n\t\t\t    <a href=\"https:\/\/stayonyourfeet.ca\/fr\/category\/strong\/\" class=\"image_menu_item_link\" target=\"_self\">\t\t\t        \t                \t\t<div class=\"image_menu-bg-item\" style=\"background: url(https:\/\/stayonyourfeet.ca\/wp-content\/uploads\/2020\/08\/Asset-4-50.jpg) center center no-repeat; height:400px; background-size:cover;\">\n\t\t\t\t        <\/div>\n\t                                \t<div class=\"image_menu_overlay\"><\/div>\n                    <div class=\"image_menu_message  imt-align-center imt-valign-center\">\n                    \t<div class=\"image_menu_message_inner\">\n\t\t\t        \t\t<h4>SOYONS FORTS!<\/h4><h5>Rester fort est une approche holistique visant \u00e0 r\u00e9duire et \u00e0 \u00e9liminer les obstacles au vieillissement en bonne sant\u00e9.<\/h5>\t\t\t            <\/div>\n\t\t\t\t    <\/div>\n\t        \t<\/a>\t\t\t<\/div>\n\t\t<\/div><\/div><\/div><\/div><\/div>","protected":false},"excerpt":{"rendered":"<p>Fact Sheets Let&#8217;s Be Active Staying active will help to improve your flexibility, balance and muscle strength! Let&#8217;s Be Social Staying social helps build relationships and improves your mental health! Let&#8217;s Be Strong Staying strong is a holistic approach to &hellip; <a class=\"kt-excerpt-readmore more-link\" href=\"https:\/\/stayonyourfeet.ca\/fr\/for-service-providers\/resources-for-older-adults-old\/fact-sheets\/\" aria-label=\"Fiches d\u2019information\">Lire la suite (disponible en anglais seulement).<\/a><\/p>","protected":false},"author":1,"featured_media":0,"parent":551,"menu_order":0,"comment_status":"closed","ping_status":"closed","template":"","meta":{"kt_blocks_editor_width":"","footnotes":""},"yoast_head":"<!-- This site is optimized with the Yoast SEO plugin v20.10 - https:\/\/yoast.com\/wordpress\/plugins\/seo\/ -->\n<title>Fact Sheets - Stay on Your Feet<\/title>\n<meta name=\"robots\" content=\"index, follow, max-snippet:-1, max-image-preview:large, max-video-preview:-1\" \/>\n<link rel=\"canonical\" href=\"https:\/\/stayonyourfeet.ca\/fr\/for-service-providers\/resources-for-older-adults-old\/fact-sheets\/\" \/>\n<meta property=\"og:locale\" content=\"fr_CA\" \/>\n<meta property=\"og:type\" content=\"article\" \/>\n<meta property=\"og:title\" content=\"Fact Sheets - Stay on Your Feet\" \/>\n<meta property=\"og:description\" content=\"Fact Sheets Let&#039;s Be Active Staying active will help to improve your flexibility, balance and muscle strength! Let&#039;s Be Social Staying social helps build relationships and improves your mental health! Let&#039;s Be Strong Staying strong is a holistic approach to &hellip; Read More\" \/>\n<meta property=\"og:url\" content=\"https:\/\/stayonyourfeet.ca\/fr\/for-service-providers\/resources-for-older-adults-old\/fact-sheets\/\" \/>\n<meta property=\"og:site_name\" content=\"Stay on Your Feet\" \/>\n<meta property=\"article:modified_time\" content=\"2025-03-25T18:42:22+00:00\" \/>\n<meta name=\"twitter:card\" content=\"summary_large_image\" \/>\n<meta name=\"twitter:label1\" content=\"Estimation du temps de lecture\" \/>\n\t<meta name=\"twitter:data1\" content=\"1 minute\" \/>\n<script type=\"application\/ld+json\" class=\"yoast-schema-graph\">{\"@context\":\"https:\/\/schema.org\",\"@graph\":[{\"@type\":\"WebPage\",\"@id\":\"https:\/\/stayonyourfeet.ca\/for-service-providers\/resources-for-older-adults-old\/fact-sheets\/\",\"url\":\"https:\/\/stayonyourfeet.ca\/for-service-providers\/resources-for-older-adults-old\/fact-sheets\/\",\"name\":\"Fact Sheets - Stay on Your Feet\",\"isPartOf\":{\"@id\":\"https:\/\/stayonyourfeet.ca\/fr\/#website\"},\"datePublished\":\"2020-06-03T01:14:36+00:00\",\"dateModified\":\"2025-03-25T18:42:22+00:00\",\"breadcrumb\":{\"@id\":\"https:\/\/stayonyourfeet.ca\/for-service-providers\/resources-for-older-adults-old\/fact-sheets\/#breadcrumb\"},\"inLanguage\":\"fr-CA\",\"potentialAction\":[{\"@type\":\"ReadAction\",\"target\":[\"https:\/\/stayonyourfeet.ca\/for-service-providers\/resources-for-older-adults-old\/fact-sheets\/\"]}]},{\"@type\":\"BreadcrumbList\",\"@id\":\"https:\/\/stayonyourfeet.ca\/for-service-providers\/resources-for-older-adults-old\/fact-sheets\/#breadcrumb\",\"itemListElement\":[{\"@type\":\"ListItem\",\"position\":1,\"name\":\"Home\",\"item\":\"https:\/\/stayonyourfeet.ca\/\"},{\"@type\":\"ListItem\",\"position\":2,\"name\":\"For Service Providers\",\"item\":\"https:\/\/stayonyourfeet.ca\/for-service-providers\/\"},{\"@type\":\"ListItem\",\"position\":3,\"name\":\"Resources for Older Adults (old)\",\"item\":\"https:\/\/stayonyourfeet.ca\/for-service-providers\/resources-for-older-adults-old\/\"},{\"@type\":\"ListItem\",\"position\":4,\"name\":\"Fact Sheets\"}]},{\"@type\":\"WebSite\",\"@id\":\"https:\/\/stayonyourfeet.ca\/fr\/#website\",\"url\":\"https:\/\/stayonyourfeet.ca\/fr\/\",\"name\":\"Stay on Your Feet\",\"description\":\"\",\"potentialAction\":[{\"@type\":\"SearchAction\",\"target\":{\"@type\":\"EntryPoint\",\"urlTemplate\":\"https:\/\/stayonyourfeet.ca\/fr\/?s={search_term_string}\"},\"query-input\":\"required name=search_term_string\"}],\"inLanguage\":\"fr-CA\"}]}<\/script>\n<!-- \/ Yoast SEO plugin. -->","yoast_head_json":{"title":"Fact Sheets - Stay on Your Feet","robots":{"index":"index","follow":"follow","max-snippet":"max-snippet:-1","max-image-preview":"max-image-preview:large","max-video-preview":"max-video-preview:-1"},"canonical":"https:\/\/stayonyourfeet.ca\/fr\/for-service-providers\/resources-for-older-adults-old\/fact-sheets\/","og_locale":"fr_CA","og_type":"article","og_title":"Fact Sheets - Stay on Your Feet","og_description":"Fact Sheets Let's Be Active Staying active will help to improve your flexibility, balance and muscle strength! Let's Be Social Staying social helps build relationships and improves your mental health! Let's Be Strong Staying strong is a holistic approach to &hellip; Read More","og_url":"https:\/\/stayonyourfeet.ca\/fr\/for-service-providers\/resources-for-older-adults-old\/fact-sheets\/","og_site_name":"Stay on Your Feet","article_modified_time":"2025-03-25T18:42:22+00:00","twitter_card":"summary_large_image","twitter_misc":{"Estimation du temps de lecture":"1 minute"},"schema":{"@context":"https:\/\/schema.org","@graph":[{"@type":"WebPage","@id":"https:\/\/stayonyourfeet.ca\/for-service-providers\/resources-for-older-adults-old\/fact-sheets\/","url":"https:\/\/stayonyourfeet.ca\/for-service-providers\/resources-for-older-adults-old\/fact-sheets\/","name":"Fact Sheets - Stay on Your Feet","isPartOf":{"@id":"https:\/\/stayonyourfeet.ca\/fr\/#website"},"datePublished":"2020-06-03T01:14:36+00:00","dateModified":"2025-03-25T18:42:22+00:00","breadcrumb":{"@id":"https:\/\/stayonyourfeet.ca\/for-service-providers\/resources-for-older-adults-old\/fact-sheets\/#breadcrumb"},"inLanguage":"fr-CA","potentialAction":[{"@type":"ReadAction","target":["https:\/\/stayonyourfeet.ca\/for-service-providers\/resources-for-older-adults-old\/fact-sheets\/"]}]},{"@type":"BreadcrumbList","@id":"https:\/\/stayonyourfeet.ca\/for-service-providers\/resources-for-older-adults-old\/fact-sheets\/#breadcrumb","itemListElement":[{"@type":"ListItem","position":1,"name":"Home","item":"https:\/\/stayonyourfeet.ca\/"},{"@type":"ListItem","position":2,"name":"For Service Providers","item":"https:\/\/stayonyourfeet.ca\/for-service-providers\/"},{"@type":"ListItem","position":3,"name":"Resources for Older Adults (old)","item":"https:\/\/stayonyourfeet.ca\/for-service-providers\/resources-for-older-adults-old\/"},{"@type":"ListItem","position":4,"name":"Fact Sheets"}]},{"@type":"WebSite","@id":"https:\/\/stayonyourfeet.ca\/fr\/#website","url":"https:\/\/stayonyourfeet.ca\/fr\/","name":"Stay on Your Feet","description":"","potentialAction":[{"@type":"SearchAction","target":{"@type":"EntryPoint","urlTemplate":"https:\/\/stayonyourfeet.ca\/fr\/?s={search_term_string}"},"query-input":"required name=search_term_string"}],"inLanguage":"fr-CA"}]}},"featured_image_src_large":false,"author_info":{"display_name":"vsgroup","author_link":"https:\/\/stayonyourfeet.ca\/fr\/author\/vsgroup\/"},"comment_info":0,"taxonomy_info":[],"_links":{"self":[{"href":"https:\/\/stayonyourfeet.ca\/fr\/wp-json\/wp\/v2\/pages\/593"}],"collection":[{"href":"https:\/\/stayonyourfeet.ca\/fr\/wp-json\/wp\/v2\/pages"}],"about":[{"href":"https:\/\/stayonyourfeet.ca\/fr\/wp-json\/wp\/v2\/types\/page"}],"author":[{"embeddable":true,"href":"https:\/\/stayonyourfeet.ca\/fr\/wp-json\/wp\/v2\/users\/1"}],"replies":[{"embeddable":true,"href":"https:\/\/stayonyourfeet.ca\/fr\/wp-json\/wp\/v2\/comments?post=593"}],"version-history":[{"count":68,"href":"https:\/\/stayonyourfeet.ca\/fr\/wp-json\/wp\/v2\/pages\/593\/revisions"}],"predecessor-version":[{"id":2469,"href":"https:\/\/stayonyourfeet.ca\/fr\/wp-json\/wp\/v2\/pages\/593\/revisions\/2469"}],"up":[{"embeddable":true,"href":"https:\/\/stayonyourfeet.ca\/fr\/wp-json\/wp\/v2\/pages\/551"}],"wp:attachment":[{"href":"https:\/\/stayonyourfeet.ca\/fr\/wp-json\/wp\/v2\/media?parent=593"}],"curies":[{"name":"wp","href":"https:\/\/api.w.org\/{rel}","templated":true}]}}